{"id":128,"date":"2012-10-22T08:12:26","date_gmt":"2012-10-22T11:12:26","guid":{"rendered":"http:\/\/www.7jj.com.br\/website\/?page_id=128"},"modified":"2024-07-12T10:28:34","modified_gmt":"2024-07-12T13:28:34","slug":"filosofia","status":"publish","type":"page","link":"https:\/\/www.7jj.com.br\/website\/filosofia\/","title":{"rendered":"Filosofia"},"content":{"rendered":"<div class=\"wpb-content-wrapper\"><p>[vc_row css_animation=&#8221;&#8221; row_type=&#8221;row&#8221; use_row_as_full_screen_section=&#8221;no&#8221; type=&#8221;full_width&#8221; angled_section=&#8221;no&#8221; text_align=&#8221;left&#8221; background_image_as_pattern=&#8221;without_pattern&#8221;][vc_column][vc_column_text]<\/p>\n<h5><span style=\"color: #000000;\">Ensinar Jiu-Jitsu como meio de desenvolvimento individual e pautar o dia-a-dia de acordo com o estilo de vida do Jiu-Jitsu, com atitudes que refletem os valores aprendidos atrav\u00e9s dos estudos dentro do tatame.<\/span><\/h5>\n<p>&nbsp;<\/p>\n<h5><span style=\"color: #000000;\">A arte suave \u00e9 baseada nos princ\u00edpios fundamentais de equil\u00edbrio, controle, efici\u00eancia, efetividade, adapta\u00e7\u00e3o, apoio m\u00fatuo e a\u00e7\u00e3o de alavancas. Durante a pr\u00e1tica, o aluno est\u00e1 constantemente fazendo uso destes princ\u00edpios para executar um objetivo desejado, seja uma raspagem, queda ou estrangulamento, apenas para mencionar alguns exemplos.<\/span><\/h5>\n<p>&nbsp;<\/p>\n<h5><span style=\"color: #000000;\">O progresso de uma pessoa no Jiu-Jitsu \u00e9 uma consequ\u00eancia do dom\u00ednio destes princ\u00edpios e \u00e9 natural que o aluno comece a estabelecer paralelos entre os desafios encarados nos tatames e os desafios encarados em sua vida di\u00e1ria.<\/span><\/h5>\n<p>&nbsp;<\/p>\n<h5><span style=\"color: #000000;\">Quando isso acontece, o aluno come\u00e7a a experimentar o maior e mais extraordin\u00e1rio benef\u00edcio de estudar o Jiu-Jitsu: uma melhora extrema em seu estilo de vida.<\/span><\/h5>\n<p>&nbsp;<\/p>\n<h5><span style=\"color: #000000;\">Em suma, eis alguns comportamentos t\u00edpicos de alunos dedicados ao bom Jiu-Jitsu:<\/span><\/h5>\n<p>&nbsp;<\/p>\n<p><span style=\"font-size: 12px; color: #000000;\">\u00a0<\/span><\/p>\n<ul class=\"check\">\n<li><span style=\"font-size: 12px; color: #000000;\"><span style=\"font-size: 12px;\">Comer bem \u00e9 Jiu-Jitsu! \u2013 O aluno dedicado passa a se preocupar se o seu corpo est\u00e1 bem alimentado para o pr\u00f3ximo treino. Um h\u00e1bito alimentar inadequado n\u00e3o fornece a energia necess\u00e1ria para a pr\u00e1tica do Jiu-Jitsu. Com isso, o aluno ganha energia e sa\u00fade tamb\u00e9m para o trabalho e a vida di\u00e1ria em geral;<\/span><\/span><\/li>\n<li><span style=\"font-size: 12px; color: #000000;\"><span style=\"font-size: 12px;\">Cuidar de seu corpo \u00e9 Jiu-Jitsu! \u2013 O corpo \u00e9 o templo que permite a voc\u00ea se conectar com esta maravilhosa arte. A pr\u00e1tica pode ser exigente \u00e0s vezes, e voc\u00ea vai se cuidar de modo que o seu corpo se recupere, permitindo assim que voc\u00ea retorne \u00e0 pr\u00e1tica no dia seguinte. Al\u00e9m disso, um corpo saud\u00e1vel eleva a autoestima, injeta confian\u00e7a e afasta das doen\u00e7as;<\/span><\/span><\/li>\n<li><span style=\"font-size: 12px; color: #000000;\"><span style=\"font-size: 12px;\">Dizer n\u00e3o ao cigarro, ao \u00e1lcool, \u00e0s drogas em geral \u00e9 Jiu-Jitsu! \u2013 O aluno dedicado quer evitar qualquer coisa que possa ser prejudicial a sua sa\u00fade f\u00edsica e mental, uma vez que seu corpo \u00e9 t\u00e3o necess\u00e1rio para a pr\u00e1tica, bem como sua mente. O estudante aprende o quanto \u00e9 bom se manter afastado de qualquer coisa prejudicial a ele, inclusive de alimentos pouco nutritivos;<\/span><\/span><\/li>\n<li><span style=\"font-size: 12px; color: #000000;\">Manter um la\u00e7o estreito com os seus parentes e amigos \u00e9 Jiu-Jitsu! \u2013 O aluno dedicado quer contribuir com os seus entes queridos, j\u00e1 que ele sabe que n\u00e3o \u00e9 poss\u00edvel se desenvolver sem a ajuda deles. Ele busca fortalecer os seus la\u00e7os com os outros porque gra\u00e7as a esta intera\u00e7\u00e3o ele \u00e9 tirado de sua zona de conforto e evolui como indiv\u00edduo e como aluno.<\/span><\/li>\n<\/ul>\n<p>[\/vc_column_text][vc_empty_space height=&#8221;132px&#8221;][\/vc_column][\/vc_row]<\/p>\n<\/div>","protected":false},"excerpt":{"rendered":"<p>[vc_row css_animation=&#8221;&#8221; row_type=&#8221;row&#8221; use_row_as_full_screen_section=&#8221;no&#8221; type=&#8221;full_width&#8221; angled_section=&#8221;no&#8221; text_align=&#8221;left&#8221; background_image_as_pattern=&#8221;without_pattern&#8221;][vc_column][vc_column_text] Ensinar Jiu-Jitsu como meio de desenvolvimento individual e pautar o dia-a-dia de acordo com o estilo de vida do Jiu-Jitsu, com atitudes que refletem os valores aprendidos atrav\u00e9s dos estudos dentro do tatame. &nbsp; A arte suave&#8230;<\/p>\n","protected":false},"author":2,"featured_media":0,"parent":0,"menu_order":0,"comment_status":"closed","ping_status":"open","template":"","meta":{"footnotes":""},"_links":{"self":[{"href":"https:\/\/www.7jj.com.br\/website\/wp-json\/wp\/v2\/pages\/128"}],"collection":[{"href":"https:\/\/www.7jj.com.br\/website\/wp-json\/wp\/v2\/pages"}],"about":[{"href":"https:\/\/www.7jj.com.br\/website\/wp-json\/wp\/v2\/types\/page"}],"author":[{"embeddable":true,"href":"https:\/\/www.7jj.com.br\/website\/wp-json\/wp\/v2\/users\/2"}],"replies":[{"embeddable":true,"href":"https:\/\/www.7jj.com.br\/website\/wp-json\/wp\/v2\/comments?post=128"}],"version-history":[{"count":23,"href":"https:\/\/www.7jj.com.br\/website\/wp-json\/wp\/v2\/pages\/128\/revisions"}],"predecessor-version":[{"id":15697,"href":"https:\/\/www.7jj.com.br\/website\/wp-json\/wp\/v2\/pages\/128\/revisions\/15697"}],"wp:attachment":[{"href":"https:\/\/www.7jj.com.br\/website\/wp-json\/wp\/v2\/media?parent=128"}],"curies":[{"name":"wp","href":"https:\/\/api.w.org\/{rel}","templated":true}]}}