{"id":15253,"date":"2015-05-04T08:29:34","date_gmt":"2015-05-04T08:29:34","guid":{"rendered":"http:\/\/demo.qodeinteractive.com\/bridge84\/?page_id=15253"},"modified":"2026-03-24T15:28:34","modified_gmt":"2026-03-24T18:28:34","slug":"inicio","status":"publish","type":"page","link":"https:\/\/www.7jj.com.br\/website\/","title":{"rendered":"In\u00edcio"},"content":{"rendered":"<div class=\"wpb-content-wrapper\"><p>[vc_row css_animation=&#8221;&#8221; row_type=&#8221;row&#8221; use_row_as_full_screen_section=&#8221;no&#8221; type=&#8221;full_width&#8221; angled_section=&#8221;no&#8221; text_align=&#8221;left&#8221; background_image_as_pattern=&#8221;without_pattern&#8221;][vc_column]\n\t\t\t<!-- START Slider 1 REVOLUTION SLIDER 6.6.20 --><p class=\"rs-p-wp-fix\"><\/p>\n\t\t\t<rs-module-wrap id=\"rev_slider_1_1_wrapper\" data-source=\"gallery\" style=\"visibility:hidden;background:transparent;padding:0;margin:0px auto;margin-top:0;margin-bottom:0;\">\n\t\t\t\t<rs-module id=\"rev_slider_1_1\" style=\"\" data-version=\"6.6.20\">\n\t\t\t\t\t<rs-slides style=\"overflow: hidden; position: absolute;\">\n\t\t\t\t\t\t<rs-slide style=\"position: absolute;\" data-key=\"rs-1\" data-title=\"Slide\" data-in=\"o:0;\" data-out=\"a:false;\">\n\t\t\t\t\t\t\t<img decoding=\"async\" src=\"\/\/www.7jj.com.br\/website\/wp-content\/plugins\/revslider\/public\/assets\/assets\/dummy.png\" alt=\"\" title=\"In\u00edcio\" class=\"rev-slidebg tp-rs-img rs-lazyload\" data-lazyload=\"\/\/www.7jj.com.br\/website\/wp-content\/plugins\/revslider\/public\/assets\/assets\/transparent.png\" data-no-retina>\n\t\t\t\t\t\t\t<rs-bgvideo \n\t\t\t\t\t\t\t\tdata-video=\"vc:none;w:100%;h:100%;nse:false;l:true;ptimer:false;\"\n\t\t\t\t\t\t\t\tdata-ytid=\"Ly3_U9MIcBU\"\n\t\t\t\t\t\t\t\tdata-vatr=\"version=3&amp;enablejsapi=1&amp;html5=1&amp;hd=1&amp;wmode=opaque&amp;showinfo=0&amp;rel=0&amp;origin=https:\/\/www.7jj.com.br;\"\n\t\t\t\t\t\t\t><\/rs-bgvideo>\n<!---->\t\t\t\t\t\t<\/rs-slide>\n\t\t\t\t\t<\/rs-slides>\n\t\t\t\t<\/rs-module>\n\t\t\t\t<script>\n\t\t\t\t\tsetREVStartSize({c: 'rev_slider_1_1',rl:[1240,1024,778,480],el:[750],gw:[1960],gh:[750],type:'standard',justify:'',layout:'fullwidth',mh:\"0\"});if (window.RS_MODULES!==undefined && window.RS_MODULES.modules!==undefined && window.RS_MODULES.modules[\"revslider11\"]!==undefined) {window.RS_MODULES.modules[\"revslider11\"].once = false;window.revapi1 = undefined;if (window.RS_MODULES.checkMinimal!==undefined) window.RS_MODULES.checkMinimal()}\n\t\t\t\t<\/script>\n\t\t\t\t<script src=\"https:\/\/www.youtube.com\/iframe_api\"><\/script>\n\t\t\t<\/rs-module-wrap>\n\t\t\t<!-- END REVOLUTION SLIDER -->\n[\/vc_column][\/vc_row][vc_row css_animation=&#8221;&#8221; row_type=&#8221;row&#8221; use_row_as_full_screen_section=&#8221;no&#8221; type=&#8221;grid&#8221; angled_section=&#8221;no&#8221; text_align=&#8221;center&#8221; background_image_as_pattern=&#8221;without_pattern&#8221; background_color=&#8221;#f4f5f7&#8243; padding_top=&#8221;83&#8243; padding_bottom=&#8221;34&#8243;][vc_column width=&#8221;1\/4&#8243;]<span data-type=\"circle\"   class=\"qode_icon_shortcode fa-stack q_font_awsome_icon_stack fa-lg  \" style=\"font-size: 18px;font-size: 35px; \"><a  itemprop=\"url\" href=\"https:\/\/www.7jj.com.br\/website\/seth-bjj-joinville\/\" target=\"_self\"><i class=\"fa fa-circle fa-stack-base fa-stack-2x\" style=\"color: #194872;\"><\/i><i class=\"qode_icon_font_awesome fa fa-globe qode_icon_element fa-stack-1x\" style=\"font-size: 18px;color: #ffffff;\" ><\/i><\/a><\/span>[vc_separator type=&#8221;transparent&#8221; up=&#8221;16&#8243; down=&#8221;0&#8243;][vc_column_text]<\/p>\n<h5>SETH BRASIL<\/h5>\n<p>[\/vc_column_text][vc_separator type=&#8221;small&#8221; position=&#8221;center&#8221; up=&#8221;16&#8243; down=&#8221;12&#8243;][vc_column_text]Conhe\u00e7a os primeiros passos e toda a trajet\u00f3ria da <strong>Seth Brazilian Jiu Jitsu<\/strong>[\/vc_column_text][vc_separator type=&#8221;transparent&#8221; up=&#8221;50&#8243; down=&#8221;0&#8243;][\/vc_column][vc_column width=&#8221;1\/4&#8243;]<span data-type=\"circle\"   class=\"qode_icon_shortcode fa-stack q_font_awsome_icon_stack fa-lg  \" style=\"font-size: 18px;font-size: 35px; \"><a  itemprop=\"url\" href=\"https:\/\/www.7jj.com.br\/website\/unidades\/\" target=\"_self\"><i class=\"fa fa-circle fa-stack-base fa-stack-2x\" style=\"color: #194872;\"><\/i><i class=\"qode_icon_font_awesome fa fa-globe qode_icon_element fa-stack-1x\" style=\"font-size: 18px;color: #ffffff;\" ><\/i><\/a><\/span>[vc_separator type=&#8221;transparent&#8221; up=&#8221;16&#8243; down=&#8221;0&#8243;][vc_column_text]<\/p>\n<h5>UNIDADES<\/h5>\n<p>[\/vc_column_text][vc_separator type=&#8221;small&#8221; position=&#8221;center&#8221; up=&#8221;16&#8243; down=&#8221;12&#8243;][vc_column_text]Confira nossas unidades oficias de escolas <strong>SETH<\/strong>\u00a0e de nossos n\u00facleos sociais[\/vc_column_text][vc_separator type=&#8221;transparent&#8221; up=&#8221;50&#8243; down=&#8221;0&#8243;][\/vc_column][vc_column width=&#8221;1\/4&#8243;]<span data-type=\"circle\"   class=\"qode_icon_shortcode fa-stack q_font_awsome_icon_stack fa-lg  \" style=\"font-size: 18px;font-size: 35px; \"><a  itemprop=\"url\" href=\"https:\/\/www.7jj.com.br\/website\/faixas-pretas\/\" target=\"_self\"><i class=\"fa fa-circle fa-stack-base fa-stack-2x\" style=\"color: #194872;\"><\/i><i class=\"qode_icon_font_awesome fa fa-globe qode_icon_element fa-stack-1x\" style=\"font-size: 18px;color: #ffffff;\" ><\/i><\/a><\/span>[vc_separator type=&#8221;transparent&#8221; up=&#8221;16&#8243; down=&#8221;0&#8243;][vc_column_text]<\/p>\n<h5>PROFESSORES<\/h5>\n<p>[\/vc_column_text][vc_separator type=&#8221;small&#8221; position=&#8221;center&#8221; up=&#8221;16&#8243; down=&#8221;12&#8243;][vc_column_text]Veja a rela\u00e7\u00e3o de Faixas Pretas da Seth Brazilian Jiu Jitsu.[\/vc_column_text][vc_separator type=&#8221;transparent&#8221; up=&#8221;50&#8243; down=&#8221;0&#8243;][\/vc_column][vc_column width=&#8221;1\/4&#8243;]<span data-type=\"circle\"   class=\"qode_icon_shortcode fa-stack q_font_awsome_icon_stack fa-lg  \" style=\"font-size: 18px;font-size: 35px; \"><a  itemprop=\"url\" href=\"https:\/\/www.7jj.com.br\/website\/filosofia\/\" target=\"_self\"><i class=\"fa fa-circle fa-stack-base fa-stack-2x\" style=\"color: #194872;\"><\/i><i class=\"qode_icon_font_awesome fa fa-globe qode_icon_element fa-stack-1x\" style=\"font-size: 18px;color: #ffffff;\" ><\/i><\/a><\/span>[vc_separator type=&#8221;transparent&#8221; up=&#8221;16&#8243; down=&#8221;0&#8243;][vc_column_text]<\/p>\n<h5>FILOSOFIA<\/h5>\n<p>[\/vc_column_text][vc_separator type=&#8221;small&#8221; position=&#8221;center&#8221; up=&#8221;16&#8243; down=&#8221;12&#8243;][vc_column_text]Filosofia e atitudes que refletem os valores aprendidos dentro do tatame.<\/p>\n<p>[\/vc_column_text][vc_separator type=&#8221;transparent&#8221; up=&#8221;50&#8243; down=&#8221;0&#8243;][\/vc_column][\/vc_row][vc_row css_animation=&#8221;&#8221; row_type=&#8221;row&#8221; use_row_as_full_screen_section=&#8221;no&#8221; type=&#8221;grid&#8221; angled_section=&#8221;no&#8221; text_align=&#8221;left&#8221; background_image_as_pattern=&#8221;without_pattern&#8221; padding_top=&#8221;90&#8243; padding_bottom=&#8221;44&#8243; z_index=&#8221;&#8221;][vc_column width=&#8221;1\/3&#8243;][vc_column_text]<\/p>\n<div style=\"width: 480px;\" class=\"wp-video\"><!--[if lt IE 9]><script>document.createElement('video');<\/script><![endif]-->\n<video class=\"wp-video-shortcode\" id=\"video-15253-1\" width=\"480\" height=\"848\" poster=\"https:\/\/www.7jj.com.br\/website\/wp-content\/uploads\/2022\/08\/videoseth.jpg\" preload=\"metadata\" controls=\"controls\"><source type=\"video\/mp4\" src=\"https:\/\/www.7jj.com.br\/website\/wp-content\/uploads\/2022\/08\/seth.mp4?_=1\" \/><a href=\"https:\/\/www.7jj.com.br\/website\/wp-content\/uploads\/2022\/08\/seth.mp4\">https:\/\/www.7jj.com.br\/website\/wp-content\/uploads\/2022\/08\/seth.mp4<\/a><\/video><\/div>\n<p>[\/vc_column_text][\/vc_column][vc_column width=&#8221;2\/3&#8243;][vc_column_text]<\/p>\n<h2>Conhe\u00e7a a SETH<\/h2>\n<p>[\/vc_column_text][vc_empty_space][vc_column_text]<\/p>\n<h5>A trajet\u00f3ria da <strong>Seth Brazilian Jiu Jitsu<\/strong> come\u00e7a a se desenhar em 2014 na cidade de Joinville. Nesse ano, um dos professores mais relevantes do cen\u00e1rio do Jiu Jitsu em <strong>Joinville, Alexandre Marciano<\/strong> come\u00e7a atuar socialmente num dos bairros mais carentes e violentos da cidade, o Jardim Para\u00edso.<\/h5>\n<h5><\/h5>\n<p>&nbsp;<\/p>\n<h5>Decidido a cumprir com a miss\u00e3o de utilizar o Jiu Jitsu para modificar positivamente a vida das pessoas o professor Alexandre Marciano instala um n\u00facleo social dentro de um importante projeto do bairro.<\/h5>\n<p>&nbsp;<\/p>\n<h5>A SETH nasce sob o lema <strong>JIU JITSU COM PROP\u00d3SITO<\/strong>. Esse lema norteia nosso foco e nossa miss\u00e3o a de contribuir para forma\u00e7\u00e3o integral de cada membro de nosso time e das comunidades que estamos inseridos. O m\u00e9todo desenvolvido por nosso fundador utiliza 7 pilares elencados por ele para que as pessoas alcancem uma vida mais ativa e saud\u00e1vel, equilibrando corpo, mente e esp\u00edrito.<\/h5>\n<p>&nbsp;<\/p>\n<h5>Alimenta\u00e7\u00e3o, Atividade F\u00edsica, Comportamento, Preven\u00e7\u00e3o, Defesa Pessoal, Relacionamentos e Espiritualidade s\u00e3o os sete pontos que passam a conceituar a diretriz de trabalho da SETH JIU JITSU<\/h5>\n<p>[\/vc_column_text][\/vc_column][\/vc_row][vc_row row_type=&#8221;parallax&#8221; parallax_content_width=&#8221;in_grid&#8221; text_align=&#8221;center&#8221; full_screen_section_height=&#8221;no&#8221; background_image=&#8221;15624&#8243; section_height=&#8221;500&#8243; css=&#8221;.vc_custom_1720748849797{padding-bottom: 40px !important;}&#8221;][vc_column][vc_separator type=&#8221;normal&#8221; color=&#8221;rgba(201,212,221,0.25)&#8221; up=&#8221;100&#8243; down=&#8221;3&#8243;][vc_separator type=&#8221;normal&#8221; color=&#8221;rgba(201,212,221,0.25)&#8221; up=&#8221;0&#8243; down=&#8221;22&#8243;][vc_column_text]<\/p>\n<h2><span style=\"color: #ffffff;\">FA\u00c7A PARTE<\/span><\/h2>\n<p>[\/vc_column_text][vc_separator type=&#8221;normal&#8221; color=&#8221;rgba(201,212,221,0.25)&#8221; up=&#8221;22&#8243; down=&#8221;3&#8243;][vc_separator type=&#8221;normal&#8221; color=&#8221;rgba(201,212,221,0.25)&#8221; up=&#8221;0&#8243; down=&#8221;39&#8243;][vc_column_text]<\/p>\n<h5 style=\"text-align: center;\"><span style=\"color: #ffffff;\">Se voc\u00ea, assim como n\u00f3s \u00e9 apaixonado pelo Jiu Jitsu e quer mudar o mundo deixando sua marca atrav\u00e9s dessa arte marcial seu lugar \u00e9 na SETH Jiu Jitsu. Seja um de nossos alunos ou dono de escola. Procure a SETH mais pr\u00f3xima de sua casa e lute conosco nessa batalha por um mundo melhor. Seu sonho \u00e9 nosso sonho. Seja competir, se tornar um professor, atuar socialmente ou utilizar o Jiu Jitsu para melhorar sua sa\u00fade e qualidade de vida. Fa\u00e7a contato e permita que os 7 pilares transformem sua trajet\u00f3ria em algo \u00e9pico.<\/span><\/h5>\n<p>[\/vc_column_text][vc_separator type=&#8221;transparent&#8221; up=&#8221;40&#8243; down=&#8221;0&#8243;]<a  itemprop=\"url\" href=\"https:\/\/www.7jj.com.br\/website\/formulario-de-contato\/\" target=\"_self\"  class=\"qbutton  default\" style=\"margin: 0 10px 10px 0; \">QUERO FAZER PARTE<\/a>[vc_separator type=&#8221;transparent&#8221; up=&#8221;90&#8243; down=&#8221;0&#8243;][vc_empty_space height=&#8221;42px&#8221;][\/vc_column][\/vc_row][vc_row css_animation=&#8221;&#8221; row_type=&#8221;row&#8221; use_row_as_full_screen_section=&#8221;no&#8221; type=&#8221;full_width&#8221; angled_section=&#8221;no&#8221; text_align=&#8221;left&#8221; background_image_as_pattern=&#8221;without_pattern&#8221;][vc_column][vc_gallery type=&#8221;image_grid&#8221; images=&#8221;15672,15674,15675,15676,15678,15679&#8243; img_size=&#8221;700&#215;500&#8243; column_number=&#8221;6&#8243; grayscale=&#8221;no&#8221; images_space=&#8221;gallery_without_space&#8221;][\/vc_column][\/vc_row][vc_row css_animation=&#8221;&#8221; row_type=&#8221;row&#8221; use_row_as_full_screen_section=&#8221;no&#8221; type=&#8221;full_width&#8221; angled_section=&#8221;no&#8221; text_align=&#8221;left&#8221; background_image_as_pattern=&#8221;without_pattern&#8221;][vc_column][vc_separator type=&#8221;normal&#8221; color=&#8221;#3c6182&#8243; thickness=&#8221;7&#8243; up=&#8221;0&#8243; down=&#8221;0&#8243;][\/vc_column][\/vc_row][vc_row css_animation=&#8221;&#8221; row_type=&#8221;row&#8221; use_row_as_full_screen_section=&#8221;no&#8221; type=&#8221;grid&#8221; angled_section=&#8221;no&#8221; text_align=&#8221;center&#8221; background_image_as_pattern=&#8221;without_pattern&#8221; padding_top=&#8221;90&#8243; padding_bottom=&#8221;74&#8243;][vc_column][vc_separator type=&#8221;small&#8221; position=&#8221;center&#8221; color=&#8221;#cad4dd&#8221; width=&#8221;350&#8243; up=&#8221;0&#8243; down=&#8221;3&#8243;][vc_separator type=&#8221;small&#8221; position=&#8221;center&#8221; color=&#8221;#cad4dd&#8221; width=&#8221;350&#8243; up=&#8221;0&#8243; down=&#8221;14&#8243;][vc_column_text]<\/p>\n<h2>Seth News<\/h2>\n<p>[\/vc_column_text][vc_separator type=&#8221;small&#8221; position=&#8221;center&#8221; color=&#8221;#cad4dd&#8221; width=&#8221;350&#8243; up=&#8221;17&#8243; down=&#8221;3&#8243;][vc_separator type=&#8221;small&#8221; position=&#8221;center&#8221; color=&#8221;#cad4dd&#8221; width=&#8221;350&#8243; up=&#8221;0&#8243; down=&#8221;65&#8243;][vc_row_inner row_type=&#8221;row&#8221; type=&#8221;full_width&#8221; text_align=&#8221;center&#8221; css_animation=&#8221;&#8221;][vc_column_inner]<div class='q_masonry_blog'><div class=\"q_masonry_blog_grid_sizer\"><\/div><div class=\"q_masonry_blog_grid_gutter\"><\/div><article  class='post-16247 post type-post status-publish format-video hentry category-noticias tag-atividade-fisica tag-jiu-jitsu tag-joinville post_format-post-format-video '><div class=\"q_masonry_blog_post_image\"><iframe src=\"\/\/www.youtube.com\/embed\/lcG2mvXRzeo?si=0eOf2FbF7bp5VR6c?wmode=transparent\" wmode=\"Opaque\" frameborder=\"0\" allowfullscreen><\/iframe><\/div><div class=\"q_masonry_blog_post_text\"><h5 itemprop=\"name\" class=\"q_masonry_blog_title entry_title\"><a itemprop=\"url\" href=\"https:\/\/www.7jj.com.br\/website\/plano-de-aula-comportamento-6\/\">Plano de Aula &#8211; Comportamento<\/a><\/h5><p itemprop=\"description\" class=\"q_masonry_blog_excerpt\">essa semana nossos alunos estar\u00e3o estudando as aulas 29, e 30 do programa essencial. As demais aulas\u00a0 seguem a linha evolutiva dessas posi\u00e7\u00f5es, ou, as necessidades t\u00e9cnicas observadas pelo professor da unidade...<\/p><div class=\"q_masonry_blog_post_info\"><\/div><\/div><\/article><article  class='post-16244 post type-post status-publish format-video hentry category-noticias tag-alexandre-marciano tag-defesa-pessoal tag-gracie tag-joinviille tag-seth post_format-post-format-video '><div class=\"q_masonry_blog_post_image\"><iframe src=\"\/\/www.youtube.com\/embed\/gPBMx8ncRxg?si=0mNtIggzf84XHfjq?wmode=transparent\" wmode=\"Opaque\" frameborder=\"0\" allowfullscreen><\/iframe><\/div><div class=\"q_masonry_blog_post_text\"><h5 itemprop=\"name\" class=\"q_masonry_blog_title entry_title\"><a itemprop=\"url\" href=\"https:\/\/www.7jj.com.br\/website\/plano-de-aula-pilar\/\">Plano de Aula &#8211; Pilar<\/a><\/h5><p itemprop=\"description\" class=\"q_masonry_blog_excerpt\">essa semana nossos alunos estar\u00e3o estudando as aulas 27, e 28 do programa essencial. As demais aulas\u00a0 seguem a linha evolutiva dessas posi\u00e7\u00f5es, ou, as necessidades t\u00e9cnicas observadas pelo professor da unidade...<\/p><div class=\"q_masonry_blog_post_info\"><\/div><\/div><\/article><article  class='post-16240 post type-post status-publish format-video hentry category-noticias tag-jiu-jitsu tag-saude post_format-post-format-video '><div class=\"q_masonry_blog_post_image\"><iframe src=\"\/\/www.youtube.com\/embed\/E-h6QwF_jPE?si=zHgaLurfWBJ3zUjp?wmode=transparent\" wmode=\"Opaque\" frameborder=\"0\" allowfullscreen><\/iframe><\/div><div class=\"q_masonry_blog_post_text\"><h5 itemprop=\"name\" class=\"q_masonry_blog_title entry_title\"><a itemprop=\"url\" href=\"https:\/\/www.7jj.com.br\/website\/plano-de-aula-prevencao-6\/\">Plano de Aula  &#8211; Preven\u00e7\u00e3o<\/a><\/h5><p itemprop=\"description\" class=\"q_masonry_blog_excerpt\">essa semana nossos alunos estar\u00e3o estudando as aulas 25, e 26 do programa essencial. As demais aulas\u00a0 seguem a linha evolutiva dessas posi\u00e7\u00f5es, ou, as necessidades t\u00e9cnicas observadas pelo professor da unidade...<\/p><div class=\"q_masonry_blog_post_info\"><\/div><\/div><\/article><\/div>[\/vc_column_inner][\/vc_row_inner]<a  itemprop=\"url\" href=\"https:\/\/www.7jj.com.br\/website\/seth-news\/\" target=\"_self\"  class=\"qbutton  default\" style=\"\">VER TODOS<\/a>[\/vc_column][\/vc_row][vc_row css_animation=&#8221;&#8221; row_type=&#8221;row&#8221; use_row_as_full_screen_section=&#8221;no&#8221; type=&#8221;full_width&#8221; angled_section=&#8221;no&#8221; text_align=&#8221;left&#8221; background_image_as_pattern=&#8221;without_pattern&#8221;][vc_column][vc_separator type=&#8221;normal&#8221; color=&#8221;#3c6182&#8243; thickness=&#8221;7&#8243; up=&#8221;0&#8243; down=&#8221;0&#8243;][\/vc_column][\/vc_row]<\/p>\n<\/div>","protected":false},"excerpt":{"rendered":"<p>[vc_row css_animation=&#8221;&#8221; row_type=&#8221;row&#8221; use_row_as_full_screen_section=&#8221;no&#8221; type=&#8221;full_width&#8221; angled_section=&#8221;no&#8221; text_align=&#8221;left&#8221; background_image_as_pattern=&#8221;without_pattern&#8221;][vc_column][\/vc_column][\/vc_row][vc_row css_animation=&#8221;&#8221; row_type=&#8221;row&#8221; use_row_as_full_screen_section=&#8221;no&#8221; type=&#8221;grid&#8221; angled_section=&#8221;no&#8221; text_align=&#8221;center&#8221; background_image_as_pattern=&#8221;without_pattern&#8221; background_color=&#8221;#f4f5f7&#8243; padding_top=&#8221;83&#8243; padding_bottom=&#8221;34&#8243;][vc_column width=&#8221;1\/4&#8243;][vc_separator type=&#8221;transparent&#8221; up=&#8221;16&#8243; down=&#8221;0&#8243;][vc_column_text] SETH BRASIL [\/vc_column_text][vc_separator type=&#8221;small&#8221; position=&#8221;center&#8221; up=&#8221;16&#8243; down=&#8221;12&#8243;][vc_column_text]Conhe\u00e7a os primeiros passos e toda a trajet\u00f3ria da Seth Brazilian Jiu Jitsu[\/vc_column_text][vc_separator type=&#8221;transparent&#8221; up=&#8221;50&#8243; down=&#8221;0&#8243;][\/vc_column][vc_column width=&#8221;1\/4&#8243;][vc_separator&#8230;<\/p>\n","protected":false},"author":3,"featured_media":0,"parent":0,"menu_order":0,"comment_status":"closed","ping_status":"closed","template":"full_width.php","meta":{"footnotes":""},"_links":{"self":[{"href":"https:\/\/www.7jj.com.br\/website\/wp-json\/wp\/v2\/pages\/15253"}],"collection":[{"href":"https:\/\/www.7jj.com.br\/website\/wp-json\/wp\/v2\/pages"}],"about":[{"href":"https:\/\/www.7jj.com.br\/website\/wp-json\/wp\/v2\/types\/page"}],"author":[{"embeddable":true,"href":"https:\/\/www.7jj.com.br\/website\/wp-json\/wp\/v2\/users\/3"}],"replies":[{"embeddable":true,"href":"https:\/\/www.7jj.com.br\/website\/wp-json\/wp\/v2\/comments?post=15253"}],"version-history":[{"count":40,"href":"https:\/\/www.7jj.com.br\/website\/wp-json\/wp\/v2\/pages\/15253\/revisions"}],"predecessor-version":[{"id":16236,"href":"https:\/\/www.7jj.com.br\/website\/wp-json\/wp\/v2\/pages\/15253\/revisions\/16236"}],"wp:attachment":[{"href":"https:\/\/www.7jj.com.br\/website\/wp-json\/wp\/v2\/media?parent=15253"}],"curies":[{"name":"wp","href":"https:\/\/api.w.org\/{rel}","templated":true}]}}