{"id":170,"date":"2012-10-22T12:42:07","date_gmt":"2012-10-22T15:42:07","guid":{"rendered":"http:\/\/www.7jj.com.br\/website\/?page_id=170"},"modified":"2026-02-12T14:30:22","modified_gmt":"2026-02-12T17:30:22","slug":"faixas-pretas","status":"publish","type":"page","link":"https:\/\/www.7jj.com.br\/website\/faixas-pretas\/","title":{"rendered":"FAIXAS PRETAS"},"content":{"rendered":"<div class=\"wpb-content-wrapper\"><p>[vc_row css_animation=&#8221;&#8221; row_type=&#8221;row&#8221; use_row_as_full_screen_section=&#8221;no&#8221; type=&#8221;full_width&#8221; angled_section=&#8221;no&#8221; text_align=&#8221;left&#8221; background_image_as_pattern=&#8221;without_pattern&#8221;][vc_column][vc_column_text]<\/p>\n<h5><span style=\"color: #000000;\">Aqui encontramos a<strong> rela\u00e7\u00e3o de Faixas Pretas da Seth Brazilian Jiu Jitsu.\u00a0<\/strong><\/span><\/h5>\n<p>&nbsp;<\/p>\n<h5><span style=\"color: #000000;\">Eles representam a ess\u00eancia da SETH,\u00a0 e carregam al\u00e9m de um Jiu Jitsu muito s\u00f3lido, uma heran\u00e7a filos\u00f3fica e disciplinar que propaga a vis\u00e3o do metodo Seth de ensino criado por nosso fundador Alexandre Marciano.\u00a0<\/span><\/h5>\n<p>&nbsp;<\/p>\n<h5><span style=\"color: #000000;\">Para nossa escola\u00a0 o Jiu Jitsu \u00e9 uma ferramenta indispens\u00e1vel para<strong> promo\u00e7\u00e3o da sa\u00fade e qualidade de vida da popula\u00e7\u00e3o.<\/strong><\/span><\/h5>\n<p>&nbsp;<\/p>\n<h5><span style=\"color: #000000;\">Esse grupo tem a miss\u00e3o de manter o legado vivo e influenciar positivamente suas comunidades.<\/span><\/h5>\n<h5><span style=\"color: #000000;\"><strong>\u00a0<\/strong><\/span><\/h5>\n<div class=\"boxes clearfix\"><\/div>\n<p>[\/vc_column_text][\/vc_column][\/vc_row][vc_row css_animation=&#8221;&#8221; row_type=&#8221;row&#8221; use_row_as_full_screen_section=&#8221;no&#8221; type=&#8221;full_width&#8221; angled_section=&#8221;no&#8221; text_align=&#8221;left&#8221; background_image_as_pattern=&#8221;without_pattern&#8221;][vc_column]<div class=\"qode-accordion-holder clearfix qode-toggle qode-initial \">\n\t<h4 class=\"clearfix qode-title-holder\">\n<span class=\"qode-tab-title\">\n\t    <span class=\"qode-tab-title-inner\">\n        2010    <\/span>\n<\/span>\n<span class=\"qode-accordion-mark\">\n    <span class=\"qode-accordion-mark-icon\">\n        <span class=\"icon_plus\"><\/span>\n        <span class=\"icon_minus-06\"><\/span>\n    <\/span>\n<\/span>\n<\/h4>\n<div  class=\"qode-accordion-content \" >\n    <div class=\"qode-accordion-content-inner\">\n        [vc_column_text]<\/p>\n<h5>Alexandre Marciano Ricardo<\/h5>\n<p>[\/vc_column_text]    <\/div>\n<\/div><h4 class=\"clearfix qode-title-holder\">\n<span class=\"qode-tab-title\">\n\t    <span class=\"qode-tab-title-inner\">\n        2015    <\/span>\n<\/span>\n<span class=\"qode-accordion-mark\">\n    <span class=\"qode-accordion-mark-icon\">\n        <span class=\"icon_plus\"><\/span>\n        <span class=\"icon_minus-06\"><\/span>\n    <\/span>\n<\/span>\n<\/h4>\n<div  class=\"qode-accordion-content \" >\n    <div class=\"qode-accordion-content-inner\">\n        [vc_column_text]<\/p>\n<h5><span style=\"color: #000000;\">Maicon Jos\u00e9 Mota\u00a0<\/span><\/h5>\n<h5><\/h5>\n<p>[\/vc_column_text]    <\/div>\n<\/div><h4 class=\"clearfix qode-title-holder\">\n<span class=\"qode-tab-title\">\n\t    <span class=\"qode-tab-title-inner\">\n        2016    <\/span>\n<\/span>\n<span class=\"qode-accordion-mark\">\n    <span class=\"qode-accordion-mark-icon\">\n        <span class=\"icon_plus\"><\/span>\n        <span class=\"icon_minus-06\"><\/span>\n    <\/span>\n<\/span>\n<\/h4>\n<div  class=\"qode-accordion-content \" >\n    <div class=\"qode-accordion-content-inner\">\n        [vc_column_text]<\/p>\n<h5><span style=\"color: #000000;\">Alessandro Lenhador<\/span><\/h5>\n<h5><span style=\"color: #000000;\">Rafael Conte Prasel<\/span><\/h5>\n<h5><\/h5>\n<p>[\/vc_column_text]    <\/div>\n<\/div><h4 class=\"clearfix qode-title-holder\">\n<span class=\"qode-tab-title\">\n\t    <span class=\"qode-tab-title-inner\">\n        2017    <\/span>\n<\/span>\n<span class=\"qode-accordion-mark\">\n    <span class=\"qode-accordion-mark-icon\">\n        <span class=\"icon_plus\"><\/span>\n        <span class=\"icon_minus-06\"><\/span>\n    <\/span>\n<\/span>\n<\/h4>\n<div  class=\"qode-accordion-content \" >\n    <div class=\"qode-accordion-content-inner\">\n        [vc_column_text]<\/p>\n<h5><span style=\"color: #000000;\">Marcos Roberto Schultz<\/span><\/h5>\n<h5><span style=\"color: #000000;\">Cleber Amorin\u00a0<\/span><\/h5>\n<h5><\/h5>\n<p>[\/vc_column_text]    <\/div>\n<\/div><h4 class=\"clearfix qode-title-holder\">\n<span class=\"qode-tab-title\">\n\t    <span class=\"qode-tab-title-inner\">\n        2018    <\/span>\n<\/span>\n<span class=\"qode-accordion-mark\">\n    <span class=\"qode-accordion-mark-icon\">\n        <span class=\"icon_plus\"><\/span>\n        <span class=\"icon_minus-06\"><\/span>\n    <\/span>\n<\/span>\n<\/h4>\n<div  class=\"qode-accordion-content \" >\n    <div class=\"qode-accordion-content-inner\">\n        [vc_column_text]<\/p>\n<h5><span style=\"color: #000000;\">Charles Correa\u00a0<\/span><\/h5>\n<h5><span style=\"color: #000000;\">Michael Ricardo\u00a0<\/span><\/h5>\n<h5><span style=\"color: #000000;\">Maicon Mariot\u00a0<\/span><\/h5>\n<h5><span style=\"color: #000000;\">Ramon Hayashi\u00a0<\/span><\/h5>\n<h5><span style=\"color: #000000;\">Osmar Kleinowski\u00a0\u00a0<\/span><\/h5>\n<h5><span style=\"color: #000000;\">Marcelo Franzen &#8220;Mutante&#8221;\u00a0<\/span><\/h5>\n<h5><span style=\"color: #000000;\">Jonathan Mayatt<\/span><\/h5>\n<p><span style=\"color: #000000;\">Luan da Silva Barbosa\u00a0<\/span><\/p>\n<p><span style=\"color: #000000;\">Felipe de Freitas Cust\u00f3dio<\/span>[\/vc_column_text]    <\/div>\n<\/div><h4 class=\"clearfix qode-title-holder\">\n<span class=\"qode-tab-title\">\n\t    <span class=\"qode-tab-title-inner\">\n        2019    <\/span>\n<\/span>\n<span class=\"qode-accordion-mark\">\n    <span class=\"qode-accordion-mark-icon\">\n        <span class=\"icon_plus\"><\/span>\n        <span class=\"icon_minus-06\"><\/span>\n    <\/span>\n<\/span>\n<\/h4>\n<div  class=\"qode-accordion-content \" >\n    <div class=\"qode-accordion-content-inner\">\n        [vc_column_text]<\/p>\n<h5><span style=\"color: #000000;\">Joabel Aguiar Alves\u00a0<\/span><\/h5>\n<h5><span style=\"color: #000000;\">Paulo Ricardo Ramos de Medeiros<\/span><\/h5>\n<h5><span style=\"color: #000000;\">Rodrigo Viana\u00a0<\/span><\/h5>\n<h5><span style=\"color: #000000;\">Marcos Vinicius Faria\u00a0<\/span><\/h5>\n<h5><span style=\"color: #000000;\">Valdir Souza\u00a0<\/span><\/h5>\n<h5><span style=\"color: #000000;\">Denilson Alves &#8220;Red&#8221;\u00a0<\/span><\/h5>\n<h5><span style=\"color: #000000;\">Janildon Rodrigues dos Santos<\/span><\/h5>\n<h5><span style=\"color: #000000;\">Rodrigo Silva\u00a0<\/span><\/h5>\n<p>[\/vc_column_text]    <\/div>\n<\/div><h4 class=\"clearfix qode-title-holder\">\n<span class=\"qode-tab-title\">\n\t    <span class=\"qode-tab-title-inner\">\n        2020    <\/span>\n<\/span>\n<span class=\"qode-accordion-mark\">\n    <span class=\"qode-accordion-mark-icon\">\n        <span class=\"icon_plus\"><\/span>\n        <span class=\"icon_minus-06\"><\/span>\n    <\/span>\n<\/span>\n<\/h4>\n<div  class=\"qode-accordion-content \" >\n    <div class=\"qode-accordion-content-inner\">\n        [vc_column_text]<\/p>\n<h5><span style=\"color: #000000;\">Fabiano Pereira Luna<\/span><\/h5>\n<h5><span style=\"color: #000000;\">Alexandre de Avila\u00a0<\/span><\/h5>\n<h5><span style=\"color: #000000;\">Fl\u00e1vio Miguel de Mira Neto<\/span><\/h5>\n<h5><\/h5>\n<h5><\/h5>\n<p>[\/vc_column_text]    <\/div>\n<\/div><h4 class=\"clearfix qode-title-holder\">\n<span class=\"qode-tab-title\">\n\t    <span class=\"qode-tab-title-inner\">\n        2021    <\/span>\n<\/span>\n<span class=\"qode-accordion-mark\">\n    <span class=\"qode-accordion-mark-icon\">\n        <span class=\"icon_plus\"><\/span>\n        <span class=\"icon_minus-06\"><\/span>\n    <\/span>\n<\/span>\n<\/h4>\n<div  class=\"qode-accordion-content \" >\n    <div class=\"qode-accordion-content-inner\">\n        [vc_column_text]<\/p>\n<h5><span style=\"color: #000000;\">Carlos Henrique Runze Jr.<\/span><\/h5>\n<h5><span style=\"color: #000000;\">Deibison Paix\u00e3o<\/span><\/h5>\n<h5><span style=\"color: #000000;\">Cristiano Jesus\u00a0<\/span><\/h5>\n<h5><span style=\"color: #000000;\">Kliger Reezende\u00a0<\/span><\/h5>\n<h5><span style=\"color: #000000;\">Ricardo Prasel\u00a0<\/span><\/h5>\n<h5><span style=\"color: #000000;\">Reinaldo Moraes\u00a0<\/span><\/h5>\n<h5><span style=\"color: #000000;\">Pablo Lauxen\u00a0<\/span><\/h5>\n<h5><span style=\"color: #000000;\">Cristiano Rodrigues\u00a0<\/span><\/h5>\n<h5><span style=\"color: #000000;\">Anderson Po\u00e7as\u00a0<\/span><\/h5>\n<p>[\/vc_column_text]    <\/div>\n<\/div><h4 class=\"clearfix qode-title-holder\">\n<span class=\"qode-tab-title\">\n\t    <span class=\"qode-tab-title-inner\">\n        2022    <\/span>\n<\/span>\n<span class=\"qode-accordion-mark\">\n    <span class=\"qode-accordion-mark-icon\">\n        <span class=\"icon_plus\"><\/span>\n        <span class=\"icon_minus-06\"><\/span>\n    <\/span>\n<\/span>\n<\/h4>\n<div  class=\"qode-accordion-content \" >\n    <div class=\"qode-accordion-content-inner\">\n        [vc_column_text]<\/p>\n<h5><span style=\"color: #000000;\">Fernando Melo\u00a0<\/span><\/h5>\n<h5><span style=\"color: #000000;\">Genilza Lima\u00a0<\/span><\/h5>\n<h5><span style=\"color: #000000;\">Jos\u00e9 Duarte\u00a0<\/span><\/h5>\n<h5><span style=\"color: #000000;\">Alvaro Andriolli\u00a0<\/span><\/h5>\n<h5><span style=\"color: #000000;\">Alexandre Ribeiro\u00a0<\/span><\/h5>\n<h5><span style=\"color: #000000;\">Robson Faust<\/span><\/h5>\n<h5><span style=\"color: #000000;\">Lucas Cazabonet Ramos\u00a0<\/span><\/h5>\n<h5><span style=\"color: #000000;\">Roberto Nogueira\u00a0\u00a0<\/span><\/h5>\n<h5><span style=\"color: #000000;\">Adriano da Silva Dalcol\u00a0<\/span><\/h5>\n<h5><span style=\"color: #000000;\">Hemerson Ribeiro Duarte\u00a0<\/span><\/h5>\n<p>[\/vc_column_text]    <\/div>\n<\/div><h4 class=\"clearfix qode-title-holder\">\n<span class=\"qode-tab-title\">\n\t    <span class=\"qode-tab-title-inner\">\n        2023    <\/span>\n<\/span>\n<span class=\"qode-accordion-mark\">\n    <span class=\"qode-accordion-mark-icon\">\n        <span class=\"icon_plus\"><\/span>\n        <span class=\"icon_minus-06\"><\/span>\n    <\/span>\n<\/span>\n<\/h4>\n<div  class=\"qode-accordion-content \" >\n    <div class=\"qode-accordion-content-inner\">\n        [vc_column_text]<\/p>\n<h5><span style=\"color: #000000;\">Carla Galv\u00e3o\u00a0<\/span><\/h5>\n<h5><span style=\"color: #000000;\">Valmir Kohntopp<\/span><\/h5>\n<h5><span style=\"color: #000000;\">Iolando Rodrigues Skrosk Jr.\u00a0\u00a0<\/span><\/h5>\n<h5><span style=\"color: #000000;\">Luiz Fernando Almeida de Oliveira\u00a0\u00a0<\/span><\/h5>\n<h5><span style=\"color: #000000;\">Robson Louren\u00e7o\u00a0<\/span><\/h5>\n<h5><span style=\"color: #000000;\">Gilson Honorato<\/span><\/h5>\n<h5><span style=\"color: #000000;\">Grasiela de Souza Leal de Mira\u00a0<\/span><\/h5>\n<h5><span style=\"color: #000000;\">Wellington Pedro Santos<\/span><\/h5>\n<p><span style=\"color: #000000;\">Eduardo Panek<\/span><\/p>\n<p><span style=\"color: #000000;\">Jhoney Boing\u00a0<\/span><\/p>\n<p>Eduardo Stuy[\/vc_column_text]    <\/div>\n<\/div><h4 class=\"clearfix qode-title-holder\">\n<span class=\"qode-tab-title\">\n\t    <span class=\"qode-tab-title-inner\">\n        2024    <\/span>\n<\/span>\n<span class=\"qode-accordion-mark\">\n    <span class=\"qode-accordion-mark-icon\">\n        <span class=\"icon_plus\"><\/span>\n        <span class=\"icon_minus-06\"><\/span>\n    <\/span>\n<\/span>\n<\/h4>\n<div  class=\"qode-accordion-content \" >\n    <div class=\"qode-accordion-content-inner\">\n        [vc_column_text]<\/p>\n<h5><span style=\"color: #000000;\">Leonardo Alegretti Belaroza <\/span><\/h5>\n<h5><span style=\"color: #000000;\">Lu\u00eds Felipe Fernandes de Brito\u00a0<\/span><\/h5>\n<h5><span style=\"color: #000000;\">Josiane Barbosa da Paix\u00e3o\u00a0\u00a0<\/span><\/h5>\n<h5><span style=\"color: #000000;\">Henrique Pavan<\/span><\/h5>\n<h5><span style=\"color: #000000;\">Diego Padilha\u00a0<\/span><\/h5>\n<p>Alexandre Espindola<\/p>\n<p>Felipe do Nascimento Feuser<\/p>\n<p>Ricardo Vinicius Pinheiro de Paula<\/p>\n<p>Leandro Zanini<\/p>\n<p>Luiz Gustavo de Almeida Duarte<\/p>\n<h5><\/h5>\n<h5><\/h5>\n<h5><\/h5>\n<p>[\/vc_column_text]    <\/div>\n<\/div><h4 class=\"clearfix qode-title-holder\">\n<span class=\"qode-tab-title\">\n\t    <span class=\"qode-tab-title-inner\">\n        2025    <\/span>\n<\/span>\n<span class=\"qode-accordion-mark\">\n    <span class=\"qode-accordion-mark-icon\">\n        <span class=\"icon_plus\"><\/span>\n        <span class=\"icon_minus-06\"><\/span>\n    <\/span>\n<\/span>\n<\/h4>\n<div  class=\"qode-accordion-content \" >\n    <div class=\"qode-accordion-content-inner\">\n        [vc_column_text]Arlei Schmitz<\/p>\n<p>Cledilson de Souza Pinheiro<\/p>\n<p>Jhonathan Tussolini Padilha<\/p>\n<p>Joslaine Cris Vieira Schwoelk<\/p>\n<p>Marcio R Filardo<\/p>\n<p>Lucas Cavadas<\/p>\n<p>Fernando Abel de Souza<\/p>\n<p>Leandro Disner<\/p>\n<p>Andrew Pedroso<\/p>\n<p>Daniel Kamradt<\/p>\n<p>Marricharluz Cambruzzi<\/p>\n<p>Thiago Vinicius da Silva<\/p>\n<p>Jean Carlo Marques Boragini[\/vc_column_text]    <\/div>\n<\/div><h4 class=\"clearfix qode-title-holder\">\n<span class=\"qode-tab-title\">\n\t    <span class=\"qode-tab-title-inner\">\n        2026    <\/span>\n<\/span>\n<span class=\"qode-accordion-mark\">\n    <span class=\"qode-accordion-mark-icon\">\n        <span class=\"icon_plus\"><\/span>\n        <span class=\"icon_minus-06\"><\/span>\n    <\/span>\n<\/span>\n<\/h4>\n<div  class=\"qode-accordion-content \" >\n    <div class=\"qode-accordion-content-inner\">\n        [vc_column_text][\/vc_column_text]    <\/div>\n<\/div><\/div>[vc_empty_space height=&#8221;52px&#8221;][\/vc_column][\/vc_row]<\/p>\n<\/div>","protected":false},"excerpt":{"rendered":"<p>[vc_row css_animation=&#8221;&#8221; row_type=&#8221;row&#8221; use_row_as_full_screen_section=&#8221;no&#8221; type=&#8221;full_width&#8221; angled_section=&#8221;no&#8221; text_align=&#8221;left&#8221; background_image_as_pattern=&#8221;without_pattern&#8221;][vc_column][vc_column_text] Aqui encontramos a rela\u00e7\u00e3o de Faixas Pretas da Seth Brazilian Jiu Jitsu.\u00a0 &nbsp; Eles representam a ess\u00eancia da SETH,\u00a0 e carregam al\u00e9m de um Jiu Jitsu muito s\u00f3lido, uma heran\u00e7a filos\u00f3fica e disciplinar que propaga a vis\u00e3o&#8230;<\/p>\n","protected":false},"author":2,"featured_media":0,"parent":0,"menu_order":0,"comment_status":"open","ping_status":"open","template":"","meta":{"footnotes":""},"_links":{"self":[{"href":"https:\/\/www.7jj.com.br\/website\/wp-json\/wp\/v2\/pages\/170"}],"collection":[{"href":"https:\/\/www.7jj.com.br\/website\/wp-json\/wp\/v2\/pages"}],"about":[{"href":"https:\/\/www.7jj.com.br\/website\/wp-json\/wp\/v2\/types\/page"}],"author":[{"embeddable":true,"href":"https:\/\/www.7jj.com.br\/website\/wp-json\/wp\/v2\/users\/2"}],"replies":[{"embeddable":true,"href":"https:\/\/www.7jj.com.br\/website\/wp-json\/wp\/v2\/comments?post=170"}],"version-history":[{"count":162,"href":"https:\/\/www.7jj.com.br\/website\/wp-json\/wp\/v2\/pages\/170\/revisions"}],"predecessor-version":[{"id":16207,"href":"https:\/\/www.7jj.com.br\/website\/wp-json\/wp\/v2\/pages\/170\/revisions\/16207"}],"wp:attachment":[{"href":"https:\/\/www.7jj.com.br\/website\/wp-json\/wp\/v2\/media?parent=170"}],"curies":[{"name":"wp","href":"https:\/\/api.w.org\/{rel}","templated":true}]}}