{"id":3335,"date":"2018-05-09T16:49:59","date_gmt":"2018-05-09T19:49:59","guid":{"rendered":"http:\/\/www.7jj.com.br\/?page_id=3335"},"modified":"2024-07-18T14:11:28","modified_gmt":"2024-07-18T17:11:28","slug":"seth-social","status":"publish","type":"page","link":"https:\/\/www.7jj.com.br\/website\/seth-social\/","title":{"rendered":"SETH SOCIAL"},"content":{"rendered":"<div class=\"wpb-content-wrapper\"><p>[vc_row css_animation=&#8221;&#8221; row_type=&#8221;row&#8221; use_row_as_full_screen_section=&#8221;no&#8221; type=&#8221;grid&#8221; angled_section=&#8221;no&#8221; text_align=&#8221;left&#8221; background_image_as_pattern=&#8221;without_pattern&#8221; z_index=&#8221;&#8221; css=&#8221;.vc_custom_1658147683849{padding-top: 40px !important;padding-bottom: 40px !important;}&#8221;][vc_column width=&#8221;1\/2&#8243;][vc_column_text]<\/p>\n<h5><span style=\"color: #000000;\"><strong>A SETH BRAZILIAN Jiu Jitsu<\/strong> nasceu no ambiente de<strong> responsabilidade Social<\/strong>. N\u00f3s da 7 compreendemos que nossas a\u00e7\u00f5es s\u00e3o determinantes para cria\u00e7\u00e3o e transforma\u00e7\u00e3o da sociedade. Por isso queremos utilizar o Jiu Jitsu como ferramenta de melhoria continua das comunidades que estamos inseridos.<strong> Um mundo melhor<\/strong> n\u00e3o \u00e9 uma utopia, e deve ser constru\u00eddo atrav\u00e9s de a\u00e7\u00f5es individuais que possam contribuir positivamente para a vida do pr\u00f3ximo.<\/span><\/h5>\n<p>&nbsp;<\/p>\n<h5><span style=\"color: #000000;\">Nosso time \u00e9 uma irmandade, que quer e vai trabalhar sempre em prol da constru\u00e7\u00e3o de uma<strong> sociedade mais ativa e saud\u00e1vel<\/strong>. Para cumprir essa miss\u00e3o, seja no ambiente das escolas ou em nossos n\u00facleos sociais, todo nosso m\u00e9todo \u00e9 alicer\u00e7ado em nossos 7 pilares.<\/span><\/h5>\n<p>[\/vc_column_text][vc_empty_space][\/vc_column][vc_column width=&#8221;1\/2&#8243;][vc_empty_space][vc_column_text]<\/p>\n<h3><span style=\"color: #2f476d;\">Alimenta\u00e7\u00e3o<\/span><\/h3>\n<h3><span style=\"color: #2f476d;\">Preven\u00e7\u00e3o<\/span><\/h3>\n<h3><span style=\"color: #2f476d;\">Atividade F\u00edsica<\/span><\/h3>\n<h3><span style=\"color: #2f476d;\">Comportamento<\/span><\/h3>\n<h3><span style=\"color: #2f476d;\">Relacionamentos<\/span><\/h3>\n<h3><span style=\"color: #2f476d;\">Defesa Pessoal<\/span><\/h3>\n<h3><span style=\"color: #2f476d;\">Espiritual<\/span><\/h3>\n<p>[\/vc_column_text][\/vc_column][\/vc_row][vc_row css_animation=&#8221;&#8221; row_type=&#8221;row&#8221; use_row_as_full_screen_section=&#8221;no&#8221; type=&#8221;grid&#8221; angled_section=&#8221;no&#8221; text_align=&#8221;left&#8221; background_image_as_pattern=&#8221;without_pattern&#8221; z_index=&#8221;&#8221; css=&#8221;.vc_custom_1720749088653{padding-bottom: 80px !important;background-color: #f4f4f4 !important;}&#8221;][vc_column][vc_empty_space height=&#8221;42px&#8221;][vc_column_text]<\/p>\n<h5><span style=\"color: #000000;\">Aqui voc\u00ea encontra uma rela\u00e7\u00e3o de nossos n\u00facleos sociais, n\u00e3o temos nenhum tipo de apoio ou vinculo com poder p\u00fablico e nossas aulas no ambiente social s\u00e3o totalmente gratuitas. Todo nosso trabalho parte da iniciativa privada e da atua\u00e7\u00e3o de nossos pr\u00f3prios alunos que querem assim como n\u00f3s <strong>mudar o mundo<\/strong> atrav\u00e9s de a\u00e7\u00f5es socialmente conscientes. Caso voc\u00ea queira saber mais sobre nossas <strong>a\u00e7\u00f5es sociais<\/strong>, visitar um de nossos projetos ou contribuir de alguma forma entre em contato conosco e seja voc\u00ea tamb\u00e9m um agente modificador de nosso planeta.<\/span><\/h5>\n<p>&nbsp;<\/p>\n<h5><span style=\"color: #000000;\">N\u00facleo Social Jardim Para\u00edso \u2013 Joinville<\/span><\/h5>\n<h5><span style=\"color: #000000;\">N\u00facleo Social Igreja Batista \u2013 Joinville<\/span><\/h5>\n<h5><span style=\"color: #000000;\">N\u00facleo Social 1\u00ba IPR &#8211; Joinville<\/span><\/h5>\n<h5><span style=\"color: #000000;\">N\u00facleo Social Mountain Church &#8211; Joinville<\/span><\/h5>\n<h5><span style=\"color: #000000;\">N\u00facleo Defesa Pessoal para Mulheres\u00a0 &#8211; Seth Floresta &#8211; Joinville\u00a0<\/span><\/h5>\n<p>&nbsp;<\/p>\n<h5><span style=\"color: #000000;\">Nosso departamento de <strong>Responsabilidade Social<\/strong> est\u00e1 determinado em <strong>mudar o mundo atrav\u00e9s do Jiu Jitsu.\u00a0<\/strong><\/span><\/h5>\n<h5><span style=\"color: #000000;\">Fa\u00e7a contato atrav\u00e9s do email sethbrasil@7jj.com.br e esteja junto nessa miss\u00e3o.<\/span><\/h5>\n<p>[\/vc_column_text][\/vc_column][\/vc_row]<\/p>\n<\/div>","protected":false},"excerpt":{"rendered":"<p>[vc_row css_animation=&#8221;&#8221; row_type=&#8221;row&#8221; use_row_as_full_screen_section=&#8221;no&#8221; type=&#8221;grid&#8221; angled_section=&#8221;no&#8221; text_align=&#8221;left&#8221; background_image_as_pattern=&#8221;without_pattern&#8221; z_index=&#8221;&#8221; css=&#8221;.vc_custom_1658147683849{padding-top: 40px !important;padding-bottom: 40px !important;}&#8221;][vc_column width=&#8221;1\/2&#8243;][vc_column_text] A SETH BRAZILIAN Jiu Jitsu nasceu no ambiente de responsabilidade Social. N\u00f3s da 7 compreendemos que nossas a\u00e7\u00f5es s\u00e3o determinantes para cria\u00e7\u00e3o e transforma\u00e7\u00e3o da sociedade. Por isso queremos utilizar&#8230;<\/p>\n","protected":false},"author":2,"featured_media":0,"parent":0,"menu_order":0,"comment_status":"closed","ping_status":"closed","template":"full_width.php","meta":{"footnotes":""},"_links":{"self":[{"href":"https:\/\/www.7jj.com.br\/website\/wp-json\/wp\/v2\/pages\/3335"}],"collection":[{"href":"https:\/\/www.7jj.com.br\/website\/wp-json\/wp\/v2\/pages"}],"about":[{"href":"https:\/\/www.7jj.com.br\/website\/wp-json\/wp\/v2\/types\/page"}],"author":[{"embeddable":true,"href":"https:\/\/www.7jj.com.br\/website\/wp-json\/wp\/v2\/users\/2"}],"replies":[{"embeddable":true,"href":"https:\/\/www.7jj.com.br\/website\/wp-json\/wp\/v2\/comments?post=3335"}],"version-history":[{"count":22,"href":"https:\/\/www.7jj.com.br\/website\/wp-json\/wp\/v2\/pages\/3335\/revisions"}],"predecessor-version":[{"id":15756,"href":"https:\/\/www.7jj.com.br\/website\/wp-json\/wp\/v2\/pages\/3335\/revisions\/15756"}],"wp:attachment":[{"href":"https:\/\/www.7jj.com.br\/website\/wp-json\/wp\/v2\/media?parent=3335"}],"curies":[{"name":"wp","href":"https:\/\/api.w.org\/{rel}","templated":true}]}}