{"id":3339,"date":"2018-05-09T16:50:37","date_gmt":"2018-05-09T19:50:37","guid":{"rendered":"http:\/\/www.7jj.com.br\/?page_id=3339"},"modified":"2026-02-13T10:32:35","modified_gmt":"2026-02-13T13:32:35","slug":"unidades","status":"publish","type":"page","link":"https:\/\/www.7jj.com.br\/website\/unidades\/","title":{"rendered":"UNIDADES"},"content":{"rendered":"<div class=\"wpb-content-wrapper\"><p>[vc_row css_animation=&#8221;&#8221; row_type=&#8221;row&#8221; use_row_as_full_screen_section=&#8221;no&#8221; type=&#8221;full_width&#8221; angled_section=&#8221;no&#8221; text_align=&#8221;left&#8221; background_image_as_pattern=&#8221;without_pattern&#8221;][vc_column][vc_column_text]<\/p>\n<h5><span style=\"color: #000000;\">Abaixo a listagem de unidades oficias de escolas <strong>SETH<\/strong>\u00a0e de nossos n\u00facleos sociais que visam acessibilizar aulas de forma gratuita <strong>TOTALMENTE ALINHADAS AO NOSSO M\u00c9TODO<\/strong> para assim cumprir nossa miss\u00e3o de melhorar o mundo atrav\u00e9s do JIU JITSU .<\/span><\/h5>\n<h5><\/h5>\n<h5><span style=\"color: #000000;\">Caso voc\u00ea encontre uma escola que n\u00e3o esteja em nossa listagem oficial por favor nos avise atrav\u00e9s do email contato@7jj.com.br ou sethbrasil@7jj.com.br.<\/span><\/h5>\n<p>&nbsp;<\/p>\n<h5><span style=\"color: #000000;\">Nossas escolas oficiais est\u00e3o devidamente alinhadas com nossa vis\u00e3o e v\u00e3o proporcionar uma experi\u00eancia incr\u00edvel para melhorar sua sa\u00fade e qualidade de vida atrav\u00e9s do Jiu Jitsu.<\/span><\/h5>\n<p>[\/vc_column_text][\/vc_column][\/vc_row][vc_row css_animation=&#8221;&#8221; row_type=&#8221;row&#8221; use_row_as_full_screen_section=&#8221;no&#8221; type=&#8221;full_width&#8221; angled_section=&#8221;no&#8221; text_align=&#8221;left&#8221; background_image_as_pattern=&#8221;without_pattern&#8221;][vc_column][vc_empty_space][vc_column_text]<\/p>\n<h5><strong>SELECIONE O ESTADO DESEJADO PARA CONSULTAR AS UNIDADES<\/strong><\/h5>\n<p>[\/vc_column_text][vc_empty_space]<div class=\"qode-accordion-holder clearfix qode-toggle qode-initial \">\n\t<h4 class=\"clearfix qode-title-holder\">\n<span class=\"qode-tab-title\">\n\t    <span class=\"qode-tab-title-inner\">\n        AMAP\u00c1    <\/span>\n<\/span>\n<span class=\"qode-accordion-mark\">\n    <span class=\"qode-accordion-mark-icon\">\n        <span class=\"icon_plus\"><\/span>\n        <span class=\"icon_minus-06\"><\/span>\n    <\/span>\n<\/span>\n<\/h4>\n<div  class=\"qode-accordion-content \" >\n    <div class=\"qode-accordion-content-inner\">\n        [vc_column_text]<strong>Cidade: MACAP\u00c1\u00a0<\/strong><br \/>\n<strong>Bairro:\u00a0<\/strong>Centro<br \/>\n<strong>Rua:\u00a0<\/strong>Av. Leopoldo Machado, 233<br \/>\n<strong>Respons\u00e1vel:<\/strong>\u00a0Rodrigues<br \/>\n<strong>Fone:<\/strong>\u00a096 99146-4608[\/vc_column_text]    <\/div>\n<\/div><h4 class=\"clearfix qode-title-holder\">\n<span class=\"qode-tab-title\">\n\t    <span class=\"qode-tab-title-inner\">\n        PARAN\u00c1    <\/span>\n<\/span>\n<span class=\"qode-accordion-mark\">\n    <span class=\"qode-accordion-mark-icon\">\n        <span class=\"icon_plus\"><\/span>\n        <span class=\"icon_minus-06\"><\/span>\n    <\/span>\n<\/span>\n<\/h4>\n<div  class=\"qode-accordion-content \" >\n    <div class=\"qode-accordion-content-inner\">\n        [vc_column_text]<strong>Cidade: GUARAPUAVA<\/strong><br \/>\n<strong>Bairro:<\/strong>\u00a0Centro<br \/>\n<strong>Rua:<\/strong>\u00a0Benjamin Constant, 80<br \/>\n<strong>Respons\u00e1vel:<\/strong>\u00a0Rafael Conte Prasel<br \/>\n<strong>Fone:<\/strong>\u00a042 99922-1955[\/vc_column_text]    <\/div>\n<\/div><h4 class=\"clearfix qode-title-holder\">\n<span class=\"qode-tab-title\">\n\t    <span class=\"qode-tab-title-inner\">\n        RIO DE JANEIRO    <\/span>\n<\/span>\n<span class=\"qode-accordion-mark\">\n    <span class=\"qode-accordion-mark-icon\">\n        <span class=\"icon_plus\"><\/span>\n        <span class=\"icon_minus-06\"><\/span>\n    <\/span>\n<\/span>\n<\/h4>\n<div  class=\"qode-accordion-content \" >\n    <div class=\"qode-accordion-content-inner\">\n        [vc_column_text][\/vc_column_text]    <\/div>\n<\/div><h4 class=\"clearfix qode-title-holder\">\n<span class=\"qode-tab-title\">\n\t    <span class=\"qode-tab-title-inner\">\n        RIO GRANDE DO SUL    <\/span>\n<\/span>\n<span class=\"qode-accordion-mark\">\n    <span class=\"qode-accordion-mark-icon\">\n        <span class=\"icon_plus\"><\/span>\n        <span class=\"icon_minus-06\"><\/span>\n    <\/span>\n<\/span>\n<\/h4>\n<div  class=\"qode-accordion-content \" >\n    <div class=\"qode-accordion-content-inner\">\n        [vc_column_text]<strong>Cidade: Santa Rosa\u00a0<\/strong><br \/>\n<strong>Bairro:<\/strong>\u00a0Centro<br \/>\n<strong>Rua:<\/strong> Av. Santa Rosa, 1496<br \/>\n<strong>Respons\u00e1vel:<\/strong> Reinaldo Moraes<br \/>\n<strong>Fone:<\/strong> 55 99932-3849[\/vc_column_text]    <\/div>\n<\/div><h4 class=\"clearfix qode-title-holder\">\n<span class=\"qode-tab-title\">\n\t    <span class=\"qode-tab-title-inner\">\n        ROND\u00d4NIA    <\/span>\n<\/span>\n<span class=\"qode-accordion-mark\">\n    <span class=\"qode-accordion-mark-icon\">\n        <span class=\"icon_plus\"><\/span>\n        <span class=\"icon_minus-06\"><\/span>\n    <\/span>\n<\/span>\n<\/h4>\n<div  class=\"qode-accordion-content \" >\n    <div class=\"qode-accordion-content-inner\">\n            <\/div>\n<\/div><h4 class=\"clearfix qode-title-holder\">\n<span class=\"qode-tab-title\">\n\t    <span class=\"qode-tab-title-inner\">\n        SANTA CATARINA    <\/span>\n<\/span>\n<span class=\"qode-accordion-mark\">\n    <span class=\"qode-accordion-mark-icon\">\n        <span class=\"icon_plus\"><\/span>\n        <span class=\"icon_minus-06\"><\/span>\n    <\/span>\n<\/span>\n<\/h4>\n<div  class=\"qode-accordion-content \" >\n    <div class=\"qode-accordion-content-inner\">\n        [vc_column_text]<strong>Cidade: ARAQUARI<\/strong><br \/>\n<strong>Bairro:<\/strong>\u00a0Itinga<br \/>\n<strong>Rua:<\/strong>\u00a0Tocantins , n\u00ba 554<br \/>\n<strong>Respons\u00e1vel:<\/strong>\u00a0Anderson Po\u00e7as<br \/>\n<strong>Fone:<\/strong>\u00a048 99186-4700<\/p>\n<p>&nbsp;<\/p>\n<p><strong>Cidade:<\/strong>\u00a0<strong>BARRA VELHA\u00a0<\/strong><br \/>\n<strong>Bairro:<\/strong> Centro<br \/>\n<strong>Rua:<\/strong> Walter Becker, 633<br \/>\n<strong>Respons\u00e1vel:<\/strong> Felipe de Freitas Cust\u00f3dio<br \/>\n<strong>Fone:<\/strong>\u00a0 47 991214662<\/p>\n<p>&nbsp;<\/p>\n<p><strong>Cidade:<\/strong>\u00a0<strong>BLUMENAU<\/strong><br \/>\n<strong>Bairro:<\/strong>\u00a0Itoupava Central<br \/>\n<strong>Rua:<\/strong>\u00a0Franz Volles 2294<br \/>\n<strong>Respons\u00e1vel:<\/strong>\u00a0Marcelo Franzen Dos Santos<br \/>\n<strong>Fone:<\/strong>\u00a0 47 99152-8208<br \/>\n<strong>\u00a0<\/strong><\/p>\n<p><strong>Cidade: JARAGU\u00c1 DO SUL\u00a0<\/strong><br \/>\n<strong>Bairro:<\/strong> Centro<br \/>\n<strong>Rua:<\/strong> Av. Deodoro da Fonseca, 1165 (fundos)<br \/>\n<strong>Respons\u00e1vel:<\/strong>\u00a0Cleber Amorin<br \/>\n<strong>Fone:<\/strong>\u00a021 97633-0981<\/p>\n<p>&nbsp;<\/p>\n<p><strong>Cidade: JOINVILLE\u00a0\u00a0<\/strong><br \/>\n<strong>Bairro:\u00a0Floresta<span style=\"color: #ff0000;\"> (UNIDADE MATRIZ)<\/span><\/strong><br \/>\n<strong>Rua:<\/strong>\u00a0Icara\u00ed, 68<br \/>\n<strong>Respons\u00e1vel:<\/strong>\u00a0Alexandre Marciano Ricardo<br \/>\n<strong>Fone:<\/strong>\u00a047 99694-1201<\/p>\n<p>&nbsp;<\/p>\n<p><strong>Cidade: JOINVILLE\u00a0<\/strong><br \/>\n<strong>Bairro:<\/strong>\u00a0Aventureiro<br \/>\n<strong>Rua:<\/strong>\u00a0Lauro Schoroeder, 245<br \/>\n<strong>Respons\u00e1vel:<\/strong>\u00a0Robson Faust<br \/>\n<strong>Fone:<\/strong>\u00a047 984827204<\/p>\n<p>&nbsp;<\/p>\n<p><strong>Cidade: JOINVILLE\u00a0<\/strong><br \/>\n<strong>Bairro:<\/strong> Anita Garibaldi<br \/>\n<strong>Rua:<\/strong> Major Navarro Lins,\u00a0 841<br \/>\n<strong>Respons\u00e1vel:<\/strong> Gilson Honorato<br \/>\n<strong>Fone:<\/strong>\u00a047 992767622<\/p>\n<p>&nbsp;<\/p>\n<p><strong>Cidade: JOINVILLE\u00a0<\/strong><br \/>\n<strong>Bairro:<\/strong> Boa Vista<br \/>\n<strong>Rua:<\/strong> Albano Schmidt, 1554<\/p>\n<p><strong>Respons\u00e1vel:<\/strong> Paulo Carneiro<br \/>\n<strong>Fone:<\/strong> 47 988641232<\/p>\n<p>&nbsp;<\/p>\n<p><strong>Cidade:<\/strong>\u00a0<strong>JOINVILLE\u00a0<\/strong><br \/>\n<strong>Bairro:<\/strong>\u00a0Costa e Silva<br \/>\n<strong>Rua:<\/strong>\u00a0Rui Barbosa, 2173<br \/>\n<strong>Respons\u00e1vel:<\/strong>\u00a0Alexandre D\u00b4avilla<br \/>\n<strong>Fone:<\/strong>\u00a047 996148300<\/p>\n<p>&nbsp;<\/p>\n<p><strong>Cidade: JOINVILLE\u00a0<\/strong><br \/>\n<strong>Bairro:<\/strong> Itaum<br \/>\n<strong>Rua:<\/strong> Florian\u00f3polis, 2753<br \/>\n<strong>Respons\u00e1vel:<\/strong> Maicon Mota<br \/>\n<strong>Fone:<\/strong> 47 991126954<\/p>\n<p>&nbsp;<\/p>\n<p><strong>Cidade: JOINVILLE\u00a0<\/strong><br \/>\n<strong>Bairro:<\/strong> Jo\u00e3o Costa<br \/>\n<strong>Rua:<\/strong> Jo\u00e3o Costa , 340<br \/>\n<strong>Respons\u00e1vel:<\/strong> Alessandro Lenhador<br \/>\n<strong>Fone:<\/strong> 47 99998-1769<\/p>\n<p>&nbsp;<\/p>\n<p><strong>Cidade: JOINVILLE\u00a0<\/strong><br \/>\n<strong>Bairro:<\/strong> Petr\u00f3polis<br \/>\n<strong>Rua: <\/strong>Paulo Schoroeder, 2235<br \/>\n<strong>Respons\u00e1vel:<\/strong> Rodrigo Viana<br \/>\n<strong>Fone:<\/strong> 47 996818829<\/p>\n<p>&nbsp;<\/p>\n<p><strong>Cidade: JOINVILLE\u00a0<\/strong><br \/>\n<strong>Bairro:<\/strong>\u00a0Paranaguamirim<br \/>\n<strong>Rua:<\/strong>\u00a06 de janeiro,\u00a0 162<br \/>\n<strong>Respons\u00e1vel:<\/strong> Charles Correa<br \/>\n<strong>Fone:<\/strong> 47 99190-1088<\/p>\n<p>&nbsp;<\/p>\n<p><strong>Cidade: JOINVILLE\u00a0<\/strong><br \/>\n<strong>Bairro:<\/strong> Sagua\u00e7u<br \/>\n<strong>Rua:<\/strong> Trombudo central,\u00a0 332<br \/>\n<strong>Respons\u00e1vel:<\/strong> Alvaro Andrioli<br \/>\n<strong>Fone:<\/strong> 47 30239464<\/p>\n<p>&nbsp;<\/p>\n<p><strong>Cidade: JOINVILLE\u00a0<\/strong><br \/>\n<strong>Bairro:<\/strong>\u00a0Vila Nova<br \/>\n<strong>Rua:<\/strong>\u00a0XV de novembro,\u00a0 7143<br \/>\n<strong>Respons\u00e1vel:<\/strong>\u00a0Fl\u00e1vio Neto<br \/>\n<strong>Fone:<\/strong>\u00a047 992767622<\/p>\n<p>&nbsp;<\/p>\n<p><strong>Cidade: JOINVILLE\u00a0<\/strong><br \/>\n<strong>Bairro:<\/strong> Bucarein<br \/>\n<strong>Rua:<\/strong> Morro do ouro,\u00a0 100<br \/>\n<strong>Respons\u00e1vel:<\/strong> Diego Padilha<br \/>\n<strong>Fone:<\/strong> 47 991816123<\/p>\n<p>&nbsp;<\/p>\n<p><strong>Cidade: LAGUNA\u00a0<\/strong><br \/>\n<strong>Bairro:<\/strong> Centro<br \/>\n<strong>Rua:<\/strong> Jorge Lacerda, 38<br \/>\n<strong>Respons\u00e1vel:<\/strong> Jonathan Mayatt<br \/>\n<strong>Fone:<\/strong> 48 999017521<\/p>\n<p>&nbsp;<\/p>\n<p><strong>Cidade:<\/strong>\u00a0<strong>SEARA<\/strong><br \/>\n<strong>Bairro:<\/strong>\u00a0Industrial<br \/>\n<strong>Rua:<\/strong>\u00a0Ferdinando Kirchner, 181<br \/>\n<strong>Respons\u00e1vel:<\/strong>\u00a0Pablo F. Lauxen<br \/>\n<strong>Fone:<\/strong>\u00a049 999154475[\/vc_column_text]    <\/div>\n<\/div><h4 class=\"clearfix qode-title-holder\">\n<span class=\"qode-tab-title\">\n\t    <span class=\"qode-tab-title-inner\">\n        S\u00c3O PAULO    <\/span>\n<\/span>\n<span class=\"qode-accordion-mark\">\n    <span class=\"qode-accordion-mark-icon\">\n        <span class=\"icon_plus\"><\/span>\n        <span class=\"icon_minus-06\"><\/span>\n    <\/span>\n<\/span>\n<\/h4>\n<div  class=\"qode-accordion-content \" >\n    <div class=\"qode-accordion-content-inner\">\n        [vc_column_text]<strong>Cidade: GUARULHOS\u00a0<\/strong><br \/>\n<strong>Bairro:<\/strong>Jardim Bom Clima<br \/>\n<strong>Rua:\u00a0<\/strong>Brigadeiro Faria Lima, 110 \u2013 1\u00ba andar<br \/>\n<strong>Respons\u00e1vel:<\/strong> Luan Barbosa<br \/>\n<strong>Fone:<\/strong>\u00a011 916969049<\/p>\n<p>[\/vc_column_text]    <\/div>\n<\/div><h4 class=\"clearfix qode-title-holder\">\n<span class=\"qode-tab-title\">\n\t    <span class=\"qode-tab-title-inner\">\n        PROJETOS SOCIAIS    <\/span>\n<\/span>\n<span class=\"qode-accordion-mark\">\n    <span class=\"qode-accordion-mark-icon\">\n        <span class=\"icon_plus\"><\/span>\n        <span class=\"icon_minus-06\"><\/span>\n    <\/span>\n<\/span>\n<\/h4>\n<div  class=\"qode-accordion-content \" >\n    <div class=\"qode-accordion-content-inner\">\n        [vc_column_text]<strong>Cidade:\u00a0 Rio de Janeiro<\/strong><br \/>\n<strong>Professor:<\/strong> Wellignton Santos<br \/>\n<strong>Endere\u00e7o:<\/strong> R. Evanildo Alves, 83 &#8211; Mar\u00e9, Rio de Janeiro &#8211; RJ, 21043-230<\/p>\n<p>&nbsp;<\/p>\n<p><strong>Cidade: JOINVILLE\u00a0<\/strong><br \/>\n<strong>Rua:<\/strong> Comandante Hassel,\u00a0 &#8211; Iriru &#8211;\u00a0 323<br \/>\n<strong>Respons\u00e1vel:<\/strong> Eder Lorrenzzetti<\/p>\n<p>&nbsp;<\/p>\n<p><strong>Cidade: JOINVILLE<\/strong><br \/>\n<strong>Rua:<\/strong> Paulo Schroeder,\u00a0 Petr\u00f3polis\u00a0 &#8211; 2235<br \/>\n<strong>Respons\u00e1vel:<\/strong> Rodrigo Viana<\/p>\n<p>&nbsp;<\/p>\n<p><strong>Cidade: JOINVILLE\u00a0<\/strong><br \/>\n<strong>Rua:<\/strong> Florian\u00f3polis, Itaum &#8211; 2753<br \/>\n<strong>Respons\u00e1vel:<\/strong> Maicon Mota<\/p>\n<p>&nbsp;<\/p>\n<p><strong>Cidade: Araquari\u00a0<\/strong><br \/>\n<strong>Rua:<\/strong> Ol\u00edmpio Lazzaris, Itinga\u00a0 &#8211; 2753<br \/>\n<strong>Respons\u00e1vel:<\/strong> Christian Zermiani de Camargo<\/p>\n<p>&nbsp;<\/p>\n<p><strong>Cidade: Pi\u00e7arras\u00a0<\/strong><br \/>\n<strong>Rua:<\/strong> Av. Get\u00falio Vargas , 400<br \/>\n<strong>Respons\u00e1vel:<\/strong> James Tomelin[\/vc_column_text]    <\/div>\n<\/div><\/div>[\/vc_column][\/vc_row][vc_row css_animation=&#8221;&#8221; row_type=&#8221;row&#8221; use_row_as_full_screen_section=&#8221;no&#8221; type=&#8221;full_width&#8221; angled_section=&#8221;no&#8221; text_align=&#8221;left&#8221; background_image_as_pattern=&#8221;without_pattern&#8221;][vc_column][vc_empty_space height=&#8221;62px&#8221;][\/vc_column][\/vc_row]<\/p>\n<\/div>","protected":false},"excerpt":{"rendered":"<p>[vc_row css_animation=&#8221;&#8221; row_type=&#8221;row&#8221; use_row_as_full_screen_section=&#8221;no&#8221; type=&#8221;full_width&#8221; angled_section=&#8221;no&#8221; text_align=&#8221;left&#8221; background_image_as_pattern=&#8221;without_pattern&#8221;][vc_column][vc_column_text] Abaixo a listagem de unidades oficias de escolas SETH\u00a0e de nossos n\u00facleos sociais que visam acessibilizar aulas de forma gratuita TOTALMENTE ALINHADAS AO NOSSO M\u00c9TODO para assim cumprir nossa miss\u00e3o de melhorar o mundo atrav\u00e9s do JIU&#8230;<\/p>\n","protected":false},"author":2,"featured_media":0,"parent":0,"menu_order":0,"comment_status":"closed","ping_status":"closed","template":"","meta":{"footnotes":""},"_links":{"self":[{"href":"https:\/\/www.7jj.com.br\/website\/wp-json\/wp\/v2\/pages\/3339"}],"collection":[{"href":"https:\/\/www.7jj.com.br\/website\/wp-json\/wp\/v2\/pages"}],"about":[{"href":"https:\/\/www.7jj.com.br\/website\/wp-json\/wp\/v2\/types\/page"}],"author":[{"embeddable":true,"href":"https:\/\/www.7jj.com.br\/website\/wp-json\/wp\/v2\/users\/2"}],"replies":[{"embeddable":true,"href":"https:\/\/www.7jj.com.br\/website\/wp-json\/wp\/v2\/comments?post=3339"}],"version-history":[{"count":160,"href":"https:\/\/www.7jj.com.br\/website\/wp-json\/wp\/v2\/pages\/3339\/revisions"}],"predecessor-version":[{"id":16209,"href":"https:\/\/www.7jj.com.br\/website\/wp-json\/wp\/v2\/pages\/3339\/revisions\/16209"}],"wp:attachment":[{"href":"https:\/\/www.7jj.com.br\/website\/wp-json\/wp\/v2\/media?parent=3339"}],"curies":[{"name":"wp","href":"https:\/\/api.w.org\/{rel}","templated":true}]}}