{"id":3345,"date":"2018-05-09T17:00:30","date_gmt":"2018-05-09T20:00:30","guid":{"rendered":"http:\/\/www.7jj.com.br\/?page_id=3345"},"modified":"2024-07-12T10:16:40","modified_gmt":"2024-07-12T13:16:40","slug":"seth-bjj-joinville","status":"publish","type":"page","link":"https:\/\/www.7jj.com.br\/website\/seth-bjj-joinville\/","title":{"rendered":"SETH BJJ &#8211; Joinville"},"content":{"rendered":"<div class=\"wpb-content-wrapper\"><p>[vc_row css_animation=&#8221;&#8221; row_type=&#8221;row&#8221; use_row_as_full_screen_section=&#8221;no&#8221; type=&#8221;full_width&#8221; angled_section=&#8221;no&#8221; text_align=&#8221;left&#8221; background_image_as_pattern=&#8221;without_pattern&#8221;][vc_column width=&#8221;2\/3&#8243;][vc_empty_space][vc_column_text]<\/p>\n<h5 style=\"text-align: left;\"><span style=\"color: #000000;\">A trajet\u00f3ria da <strong>Seth Brazilian Jiu Jitsu<\/strong> come\u00e7a a se desenhar em 2014 na cidade de Joinville. Nesse ano, um dos professores mais relevantes do cen\u00e1rio do Jiu Jitsu em\u00a0<strong>Joinville, Alexandre Marciano<\/strong> come\u00e7a atuar socialmente num dos bairros mais carentes e violentos da cidade, o Jardim Para\u00edso. Decidido a cumprir com a miss\u00e3o de utilizar o Jiu Jitsu para modificar positivamente a vida das pessoas o professor Alexandre Marciano instala um n\u00facleo social dentro de um importante projeto do bairro, o <strong>Projeto Acolher<\/strong> e passa a influenciar a vida de crian\u00e7as e adolescentes em situa\u00e7\u00e3o de alto risco.<\/span><\/h5>\n<p>&nbsp;<\/p>\n<h5 style=\"text-align: left;\"><span style=\"color: #000000;\">Por um motivo organizacional, o professor precisa criar o nome de um time para que pudesse desenvolver uma experi\u00eancia de irmandade para as crian\u00e7as que em sua maioria tinham grandes problemas em suas estruturas familiares. Com esse foco surge o nome que iria \u00a0gerar um conceito muito claro de <strong>melhoria continua<\/strong> o <strong>Faixa Preta<\/strong>, que nessa \u00e9poca era um dos<strong> l\u00edderes da Gracie Barra Brasil<\/strong> come\u00e7a fazer seus primeiros rabiscos.<\/span><\/h5>\n<p>[\/vc_column_text][vc_empty_space][\/vc_column][vc_column width=&#8221;1\/3&#8243;][vc_empty_space][vc_column_text]<\/p>\n<div id=\"attachment_3360\" style=\"width: 310px\" class=\"wp-caption aligncenter\"><a style=\"color: #000000;\" href=\"http:\/\/www.7jj.com.br\/website\/wp-content\/uploads\/2018\/05\/foto1.1.jpg\"><img loading=\"lazy\" decoding=\"async\" aria-describedby=\"caption-attachment-3360\" class=\"size-medium wp-image-3360\" src=\"http:\/\/www.7jj.com.br\/website\/wp-content\/uploads\/2018\/05\/foto1.1-300x265.jpg\" alt=\"Primeiros rabiscos feitos pelo professor Alexandre Marciano na contra capa do livro Carlos Gracie o Criador de uma dinastia.\" width=\"300\" height=\"265\" srcset=\"https:\/\/www.7jj.com.br\/website\/wp-content\/uploads\/2018\/05\/foto1.1-300x265.jpg 300w, https:\/\/www.7jj.com.br\/website\/wp-content\/uploads\/2018\/05\/foto1.1.jpg 450w\" sizes=\"(max-width: 300px) 100vw, 300px\" \/><\/a><p id=\"caption-attachment-3360\" class=\"wp-caption-text\"><span style=\"color: #000000;\">Primeiros rabiscos feitos pelo professor Alexandre Marciano na contra capa do livro Carlos Gracie o Criador de uma dinastia.<\/span><\/p><\/div>\n<p>[\/vc_column_text][vc_empty_space][\/vc_column][\/vc_row][vc_row css_animation=&#8221;&#8221; row_type=&#8221;row&#8221; use_row_as_full_screen_section=&#8221;no&#8221; type=&#8221;full_width&#8221; angled_section=&#8221;no&#8221; text_align=&#8221;left&#8221; background_image_as_pattern=&#8221;without_pattern&#8221; css=&#8221;.vc_custom_1720790011931{padding-top: 45px !important;background-color: #f4f5f7 !important;}&#8221; z_index=&#8221;&#8221;][vc_column width=&#8221;2\/3&#8243; css=&#8221;.vc_custom_1720790045681{padding-top: 25px !important;padding-right: 25px !important;padding-bottom: 25px !important;padding-left: 25px !important;}&#8221;][vc_column_text]<\/p>\n<h5 class=\"mceTemp\"><\/h5>\n<h5 style=\"text-align: left;\"><span style=\"color: #000000;\">Em 2015, o projeto social passa ent\u00e3o a tomar o formato de um verdadeiro time de Jiu Jitsu e passa a ter um nome, SETE JIU JITSU. A nomenclatura \u00e9 escolhida, pois, o professor Alexandre Marciano determina 7 pilares que na sua vis\u00e3o s\u00e3o necess\u00e1rios para <strong>melhoria da qualidade de vida<\/strong> do ser humano. Alimenta\u00e7\u00e3o, Atividade F\u00edsica, Autocontrole, Preven\u00e7\u00e3o, Defesa Pessoal, Relacionamentos e Espiritualidade s\u00e3o os sete pontos que passam a conceituar a diretriz de trabalho da SETE JIU JITSU.<\/span><\/h5>\n<p>&nbsp;<\/p>\n<h5><span style=\"color: #000000;\">Em pouco tempo, v\u00e1rios alunos do professor <strong>Alexandre Marciano<\/strong> se juntam a essa miss\u00e3o e passam a transformar positivamente a vida de crian\u00e7as em situa\u00e7\u00e3o de vulnerabilidade. Marcos Vinicius, Pedro Ribeiro, W. Alexandre, Denilson Alves e Cleverton Medeiros passam a ministrar aulas no projeto. As crian\u00e7as do projeto come\u00e7am a participar de competi\u00e7\u00f5es e se destacam de forma incr\u00edvel em todos os eventos inclusive conquistando medalhas no <strong>Campeonato Brasileiro de Jiu Jitsu.<\/strong><\/span><\/h5>\n<p>[\/vc_column_text][\/vc_column][vc_column width=&#8221;1\/3&#8243;][vc_column_text]<\/p>\n<div id=\"attachment_3447\" style=\"width: 310px\" class=\"wp-caption aligncenter\"><a style=\"color: #000000;\" href=\"http:\/\/www.7jj.com.br\/website\/wp-content\/uploads\/2018\/05\/foto22.jpg\"><img loading=\"lazy\" decoding=\"async\" aria-describedby=\"caption-attachment-3447\" class=\"size-medium wp-image-3447\" src=\"http:\/\/www.7jj.com.br\/website\/wp-content\/uploads\/2018\/05\/foto22-300x224.jpg\" alt=\"Primeira logomarca utilizada no projeto social com o lema \u201cN\u00f3s n\u00e3o desistimos de ningu\u00e9m\u201d tirado do projeto Acolher que atua no bairro Jardim Para\u00edso.\" width=\"300\" height=\"224\" srcset=\"https:\/\/www.7jj.com.br\/website\/wp-content\/uploads\/2018\/05\/foto22-300x224.jpg 300w, https:\/\/www.7jj.com.br\/website\/wp-content\/uploads\/2018\/05\/foto22.jpg 475w\" sizes=\"(max-width: 300px) 100vw, 300px\" \/><\/a><p id=\"caption-attachment-3447\" class=\"wp-caption-text\"><span style=\"color: #000000;\">Primeira logomarca utilizada no projeto social com o lema \u201cN\u00f3s n\u00e3o desistimos de ningu\u00e9m\u201d <\/span><span style=\"color: #000000;\">tirado do projeto Acolher que atua no bairro Jardim Para\u00edso.<\/span><\/p><\/div>\n<p>[\/vc_column_text][\/vc_column][\/vc_row][vc_row css_animation=&#8221;&#8221; row_type=&#8221;row&#8221; use_row_as_full_screen_section=&#8221;no&#8221; type=&#8221;full_width&#8221; angled_section=&#8221;no&#8221; text_align=&#8221;left&#8221; background_image_as_pattern=&#8221;without_pattern&#8221; css=&#8221;.vc_custom_1660566086903{padding-top: 45px !important;}&#8221; z_index=&#8221;&#8221;][vc_column width=&#8221;2\/3&#8243;][vc_column_text]<\/p>\n<h5><span style=\"color: #000000;\">Em 2016 mais um n\u00facleo social da SETE Jiu Jitsu come\u00e7a a atuar em Joinville dentro da Igreja Batista Pedras Vivas coordenado pelo Pastor Rodrigo Viana, em seguida juntasse a ele o faixa marrom Charles Correa que passa a desenvolver um incr\u00edvel trabalho com as crian\u00e7as.<\/span><\/h5>\n<p>&nbsp;<\/p>\n<h5><span style=\"color: #000000;\">Em 2017 o professor Alexandre Marciano abre mais um n\u00facleo, dessa vez na <strong>1\u00ba Igreja Presbiteriana Renovada de Joinville<\/strong>. Tamb\u00e9m em 2017, nasce a primeira escola 7 que atua dentro de uma academia fixada no bairro morro do meio em <strong>Joinville<\/strong>. Essa escola nasceu, pois o professor Alexandre Marciano sempre buscou incutir em seus alunos a necessidade de <strong>melhorar a qualidade de vida das pessoas<\/strong> e influenciar as comunidades atrav\u00e9s do Jiu Jitsu, empurrado por essa vis\u00e3o e buscando suprir seu pr\u00f3prio sonho o faixa marrom Henrique Fernandes pede permiss\u00e3o para o professor <strong>Alexandre Marciano<\/strong> para ministrar aulas na cidade. Ele tem total apoio do professor e come\u00e7a ali um projeto piloto.<\/span><\/h5>\n<p>[\/vc_column_text][\/vc_column][vc_column width=&#8221;1\/3&#8243;][vc_empty_space][vc_column_text]<\/p>\n<div id=\"attachment_3367\" style=\"width: 310px\" class=\"wp-caption alignnone\"><a style=\"color: #000000;\" href=\"http:\/\/www.7jj.com.br\/website\/wp-content\/uploads\/2018\/05\/foto3.jpg\"><img loading=\"lazy\" decoding=\"async\" aria-describedby=\"caption-attachment-3367\" class=\"size-medium wp-image-3367\" src=\"http:\/\/www.7jj.com.br\/website\/wp-content\/uploads\/2018\/05\/foto3-300x225.jpg\" alt=\"Crian\u00e7as conquistam t\u00edtulos no campeonato Brasileiro de 2017.\" width=\"300\" height=\"225\" srcset=\"https:\/\/www.7jj.com.br\/website\/wp-content\/uploads\/2018\/05\/foto3-300x225.jpg 300w, https:\/\/www.7jj.com.br\/website\/wp-content\/uploads\/2018\/05\/foto3.jpg 475w\" sizes=\"(max-width: 300px) 100vw, 300px\" \/><\/a><p id=\"caption-attachment-3367\" class=\"wp-caption-text\"><span style=\"color: #000000;\">Crian\u00e7as conquistam t\u00edtulos no campeonato Brasileiro de 2017.<\/span><\/p><\/div>\n<p style=\"text-align: left;\">[\/vc_column_text][\/vc_column][\/vc_row][vc_row css_animation=&#8221;&#8221; row_type=&#8221;row&#8221; use_row_as_full_screen_section=&#8221;no&#8221; type=&#8221;full_width&#8221; angled_section=&#8221;no&#8221; text_align=&#8221;left&#8221; background_image_as_pattern=&#8221;without_pattern&#8221; css=&#8221;.vc_custom_1660566086903{padding-top: 45px !important;}&#8221; z_index=&#8221;&#8221;][vc_column width=&#8221;1\/3&#8243;][vc_empty_space][vc_column_text]<\/p>\n<div class=\"mceTemp\"><\/div>\n<div id=\"attachment_3368\" style=\"width: 310px\" class=\"wp-caption alignnone\"><a style=\"color: #000000;\" href=\"http:\/\/www.7jj.com.br\/website\/wp-content\/uploads\/2018\/05\/foto4.jpg\"><img loading=\"lazy\" decoding=\"async\" aria-describedby=\"caption-attachment-3368\" class=\"size-medium wp-image-3368\" src=\"http:\/\/www.7jj.com.br\/website\/wp-content\/uploads\/2018\/05\/foto4-300x225.jpg\" alt=\"Algumas das crian\u00e7as do n\u00facleo Sete no projeto Acolher.\" width=\"300\" height=\"225\" srcset=\"https:\/\/www.7jj.com.br\/website\/wp-content\/uploads\/2018\/05\/foto4-300x225.jpg 300w, https:\/\/www.7jj.com.br\/website\/wp-content\/uploads\/2018\/05\/foto4.jpg 475w\" sizes=\"(max-width: 300px) 100vw, 300px\" \/><\/a><p id=\"caption-attachment-3368\" class=\"wp-caption-text\"><span style=\"color: #000000;\">Algumas das crian\u00e7as do n\u00facleo Sete no projeto Acolher.<\/span><\/p><\/div>\n<p>[\/vc_column_text][\/vc_column][vc_column width=&#8221;2\/3&#8243;][vc_empty_space][vc_column_text]<\/p>\n<h5><span style=\"color: #000000;\">Em abril de 2018 a unidade do morro do meio precisa ser fechada por motivos alheios a vontade do instrutor Henrique Fernandes. No mesmo m\u00eas o professor Alexandre Marciano busca registrar a academia SETE Jiu Jitsu na<strong> CBJJ\/IBJJF<\/strong> e tem seu pedido indeferido. Uma semana antes a <strong>Confedera\u00e7\u00e3o Brasileira de Jiu Jitsu<\/strong> havia recebido a solicita\u00e7\u00e3o de uma equipe Amazonense que utilizava a mesma nomenclatura. Decidido a n\u00e3o retroceder em sua miss\u00e3o, professor Alexandre Marciano passa duas noites em claro estudando nomes e buscando alternativas que n\u00e3o desligassem o time de seu conceito inicial o de melhorar a qualidade de vida das pessoas atrav\u00e9s de <strong>SETE pilares.<\/strong><\/span><\/h5>\n<p>[\/vc_column_text][\/vc_column][\/vc_row][vc_row css_animation=&#8221;&#8221; row_type=&#8221;row&#8221; use_row_as_full_screen_section=&#8221;no&#8221; type=&#8221;full_width&#8221; angled_section=&#8221;no&#8221; text_align=&#8221;left&#8221; background_image_as_pattern=&#8221;without_pattern&#8221; css=&#8221;.vc_custom_1660566086903{padding-top: 45px !important;}&#8221; z_index=&#8221;&#8221;][vc_column][vc_column_text]<\/p>\n<h5 style=\"text-align: left;\"><span style=\"color: #000000;\">No dia 27 de abril de 2018, nasce oficialmente a <strong>SETH BRAZILIAN JIU JITSU<\/strong> devidamente registrada e autorizada pela Confedera\u00e7\u00e3o Brasileira de Jiu Jitsu. A terminologia \u201c<strong>SETH\u201d<\/strong> \u00e9 inspirada na historia B\u00edblica que aponta Seth como o terceiro filho do casal Ad\u00e3o e Eva. Segundo o relato b\u00edblico Seth nasceu ap\u00f3s a morte de Abel e Eva acreditava que ele fora designado por Deus para estabelecer uma nova descend\u00eancia em substitui\u00e7\u00e3o a Abel que foi morto por Caim. Seth \u00e9 indicado como <strong>justo<\/strong> pela teologia Judaico-Crist\u00e3 e no livro ap\u00f3crifo dos Jubileus Seth \u00e9 chamado de ancestral de todas as gera\u00e7\u00f5es dos justos. Como em portugu\u00eas Seth tamb\u00e9m \u00e9 grafado como SETE e a sonoridade \u00e9 a mesma, essa foi uma alternativa para que o nome inicial do time e principalmente seu conceito fosse mantido.<\/span><\/h5>\n<p>&nbsp;<\/p>\n<h5 style=\"text-align: left;\"><span style=\"color: #000000;\">A partir desse ponto, o professor Alexandre Marciano j\u00e1 est\u00e1 decidido em transformar a SETH Jiu Jitsu num movimento mundial pela <strong>melhoria do seu humano<\/strong>. Atrav\u00e9s de um conceito bem definido e um processo metodol\u00f3gico cuidadosamente estudando os 7 pilares se tornam a forma de trabalho do novo time.<\/span><\/h5>\n<h5 style=\"text-align: left;\"><span style=\"color: #000000;\">O faixa azul Andrew Pedroso trabalha exaustivamente para ajudar na formata\u00e7\u00e3o visual do novo time e desenvolve a nova logomarca. No m\u00eas 6 de 2018 come\u00e7a a operar a unidade matriz,\u00a0\u00a0liderada pelo professor <strong>Alexandre Marciano<\/strong> com objetivo muito bem definido de criar uma <strong>sociedade mais ativa e saud\u00e1vel<\/strong>, melhorando assim a qualidade de vida das comunidades onde a SETH atua. <\/span><\/h5>\n<p>&nbsp;<\/p>\n<h5 style=\"text-align: left;\"><span style=\"color: #000000;\">Juntamente com a unidade Matriz come\u00e7am a operar no mesmo m\u00eas e dentro dos mesmos processos pedag\u00f3gicos a seguintes unidades: SETH Joinville Aventureiro, SETH Blumenau, SETH Laguna, SETH Jiparana.<\/span><\/h5>\n<p>&nbsp;<\/p>\n<h5 style=\"text-align: left;\"><span style=\"color: #000000;\">A SETH nasce sob o lema <strong>JIU JITSU COM PROP\u00d3SITO<\/strong>. Esse lema norteia nosso foco e nossa miss\u00e3o a de contribuir para forma\u00e7\u00e3o integral de cada membro de nosso time e das comunidades que estamos inseridos.<\/span><\/h5>\n<p>[\/vc_column_text][vc_empty_space height=&#8221;62px&#8221;][\/vc_column][\/vc_row]<\/p>\n<\/div>","protected":false},"excerpt":{"rendered":"<p>[vc_row css_animation=&#8221;&#8221; row_type=&#8221;row&#8221; use_row_as_full_screen_section=&#8221;no&#8221; type=&#8221;full_width&#8221; angled_section=&#8221;no&#8221; text_align=&#8221;left&#8221; background_image_as_pattern=&#8221;without_pattern&#8221;][vc_column width=&#8221;2\/3&#8243;][vc_empty_space][vc_column_text] A trajet\u00f3ria da Seth Brazilian Jiu Jitsu come\u00e7a a se desenhar em 2014 na cidade de Joinville. Nesse ano, um dos professores mais relevantes do cen\u00e1rio do Jiu Jitsu em\u00a0Joinville, Alexandre Marciano come\u00e7a atuar socialmente num&#8230;<\/p>\n","protected":false},"author":2,"featured_media":0,"parent":0,"menu_order":0,"comment_status":"closed","ping_status":"open","template":"","meta":{"footnotes":""},"_links":{"self":[{"href":"https:\/\/www.7jj.com.br\/website\/wp-json\/wp\/v2\/pages\/3345"}],"collection":[{"href":"https:\/\/www.7jj.com.br\/website\/wp-json\/wp\/v2\/pages"}],"about":[{"href":"https:\/\/www.7jj.com.br\/website\/wp-json\/wp\/v2\/types\/page"}],"author":[{"embeddable":true,"href":"https:\/\/www.7jj.com.br\/website\/wp-json\/wp\/v2\/users\/2"}],"replies":[{"embeddable":true,"href":"https:\/\/www.7jj.com.br\/website\/wp-json\/wp\/v2\/comments?post=3345"}],"version-history":[{"count":65,"href":"https:\/\/www.7jj.com.br\/website\/wp-json\/wp\/v2\/pages\/3345\/revisions"}],"predecessor-version":[{"id":15691,"href":"https:\/\/www.7jj.com.br\/website\/wp-json\/wp\/v2\/pages\/3345\/revisions\/15691"}],"wp:attachment":[{"href":"https:\/\/www.7jj.com.br\/website\/wp-json\/wp\/v2\/media?parent=3345"}],"curies":[{"name":"wp","href":"https:\/\/api.w.org\/{rel}","templated":true}]}}