{"id":3380,"date":"2018-05-12T11:38:35","date_gmt":"2018-05-12T14:38:35","guid":{"rendered":"http:\/\/www.7jj.com.br\/?page_id=3380"},"modified":"2024-07-16T11:10:18","modified_gmt":"2024-07-16T14:10:18","slug":"hq","status":"publish","type":"page","link":"https:\/\/www.7jj.com.br\/website\/hq\/","title":{"rendered":"HQ"},"content":{"rendered":"<div class=\"wpb-content-wrapper\"><p>[vc_row css_animation=&#8221;&#8221; row_type=&#8221;row&#8221; use_row_as_full_screen_section=&#8221;no&#8221; type=&#8221;grid&#8221; angled_section=&#8221;no&#8221; text_align=&#8221;left&#8221; background_image_as_pattern=&#8221;without_pattern&#8221; css=&#8221;.vc_custom_1658147219395{padding-top: 70px !important;padding-bottom: 45px !important;}&#8221; z_index=&#8221;&#8221;][vc_column width=&#8221;1\/2&#8243;][vc_column_text]<\/p>\n<h4><span style=\"color: #000000;\">ESSE \u00c9 UM AMBIENTE QUE CONECTA VOC\u00ca A TODA METODOLOGIA CRIADA PELO PROFESSOR <strong>ALEXANDRE MARCIANO.\u00a0<\/strong><\/span><\/h4>\n<p>&nbsp;<\/p>\n<h4><\/h4>\n<h4 style=\"text-align: left;\"><span style=\"color: #000000;\">RESTRITO A NOSSOS<strong> PROFESSORES OFICIAIS<\/strong> ESSE \u00c9 UM UNIVERSO DE INFORMA\u00c7\u00c3O QUE NOS CAPACITA PARA NOSSA <strong>MISS\u00c3O.<\/strong><\/span><\/h4>\n<p>&nbsp;<\/p>\n<h4><\/h4>\n<h4 style=\"text-align: left;\"><span style=\"color: #000000;\">AL\u00c9M DO CONHECIMENTO COMPARTILHADO POR NOSSO FUNDADOR, VOC\u00ca ENCONTRAR\u00c1 NESSE LOCAL A <strong>CONTRIBUI\u00c7\u00c3O INTELECTUAL<\/strong> E T\u00c9CNICA DE <strong>GRANDES PROFESSORES<\/strong> DE NOSSA ESCUDERIA.<\/span><\/h4>\n<p>[\/vc_column_text][vc_empty_space][\/vc_column][vc_column width=&#8221;1\/2&#8243;][vc_column_text]<\/p>\n<p style=\"text-align: center;\"><span style=\"color: #000000;\"><a style=\"color: #000000;\"><div class=\"cleanlogin-container\">\t\t\r\n\r\n\t<form class=\"cleanlogin-form\" method=\"post\" action=\"https:\/\/www.7jj.com.br\/website\/hq\/\">\r\n\t\t\t\r\n\t\t<fieldset>\r\n\t\t\t<div class=\"cleanlogin-field\">\r\n\t\t\t\t<input class=\"cleanlogin-field-username\" type=\"text\" name=\"log\" placeholder=\"Nome de usu\u00e1rio\">\r\n\t\t\t<\/div>\r\n\t\t\t\r\n\t\t\t<div class=\"cleanlogin-field\">\r\n\t\t\t\t<input class=\"cleanlogin-field-password\" type=\"password\" name=\"pwd\" placeholder=\"Senha\">\r\n\t\t\t<\/div>\r\n\t\t<\/fieldset>\r\n\t\t\r\n\t\t<fieldset>\r\n\t\t\t<input class=\"cleanlogin-field\" type=\"submit\" value=\"Login\" name=\"submit\">\r\n\t\t\t<input type=\"hidden\" name=\"action\" value=\"login\">\r\n\t\t\t\r\n\t\t\t<div class=\"cleanlogin-field cleanlogin-field-remember\">\r\n\t\t\t\t<input type=\"checkbox\" name=\"rememberme\" value=\"forever\">\r\n\t\t\t\t<label>Permanecer logado<\/label>\r\n\t\t\t<\/div>\r\n\t\t<\/fieldset>\r\n\t\t\r\n\t\t\r\n\t\t<div class=\"cleanlogin-form-bottom\">\r\n\t\t\t\r\n\t\t\t\r\n\t\t\t\t\t\t\t\t\t\r\n\t\t<\/div>\r\n\t\t\r\n\t<\/form>\r\n\r\n<\/div>\r\n<\/a><\/span><\/p>\n<h4 style=\"text-align: center;\"><span style=\"color: #000000;\">Se voc\u00ea j\u00e1 est\u00e1 logado, <a style=\"color: #000000;\" href=\"http:\/\/www.7jj.com.br\/website\/hq-restrito\/\">clique aqui<\/a><\/span><\/h4>\n<p>[\/vc_column_text][\/vc_column][\/vc_row][vc_row css_animation=&#8221;&#8221; row_type=&#8221;row&#8221; use_row_as_full_screen_section=&#8221;no&#8221; type=&#8221;grid&#8221; angled_section=&#8221;no&#8221; text_align=&#8221;left&#8221; background_image_as_pattern=&#8221;without_pattern&#8221; css=&#8221;.vc_custom_1658147212025{padding-bottom: 70px !important;}&#8221; z_index=&#8221;&#8221;][vc_column width=&#8221;1\/2&#8243;][vc_column_text]<\/p>\n<p style=\"text-align: left;\"><span style=\"color: #000000;\">A <strong>SETH BRAZILIAN JIU JITSU<\/strong> possui uma linhagem hist\u00f3rica solida e atrav\u00e9s dessa raiz est\u00e1 comprometida com o mais alto n\u00edvel de instru\u00e7\u00e3o marcial.<\/span><\/p>\n<p>\u00a0[\/vc_column_text][vc_empty_space][\/vc_column][vc_column width=&#8221;1\/2&#8243;][vc_column_text]<\/p>\n<p style=\"text-align: left;\"><span style=\"color: #000000;\">&#8220;Queremos atrav\u00e9s do Jiu Jitsu <strong>melhorar as comunidades do mundo todo<\/strong>. Temos total convic\u00e7\u00e3o de que isso \u00e9 poss\u00edvel e vamos trabalhar incansavelmente em prol desse objetivo. Para mim, isso \u00e9 o que d\u00e1 sentido a minha exist\u00eancia e sou grato a Deus por ele me conceder essa miss\u00e3o&#8221; <strong>Professor Alexandre Marciano.<\/strong><\/span><\/p>\n<p>\u00a0[\/vc_column_text][\/vc_column][\/vc_row]<\/p>\n<\/div>","protected":false},"excerpt":{"rendered":"<p>[vc_row css_animation=&#8221;&#8221; row_type=&#8221;row&#8221; use_row_as_full_screen_section=&#8221;no&#8221; type=&#8221;grid&#8221; angled_section=&#8221;no&#8221; text_align=&#8221;left&#8221; background_image_as_pattern=&#8221;without_pattern&#8221; css=&#8221;.vc_custom_1658147219395{padding-top: 70px !important;padding-bottom: 45px !important;}&#8221; z_index=&#8221;&#8221;][vc_column width=&#8221;1\/2&#8243;][vc_column_text] ESSE \u00c9 UM AMBIENTE QUE CONECTA VOC\u00ca A TODA METODOLOGIA CRIADA PELO PROFESSOR ALEXANDRE MARCIANO.\u00a0 &nbsp; RESTRITO A NOSSOS PROFESSORES OFICIAIS ESSE \u00c9 UM UNIVERSO DE INFORMA\u00c7\u00c3O QUE NOS CAPACITA&#8230;<\/p>\n","protected":false},"author":2,"featured_media":0,"parent":0,"menu_order":0,"comment_status":"closed","ping_status":"closed","template":"full_width.php","meta":{"footnotes":""},"_links":{"self":[{"href":"https:\/\/www.7jj.com.br\/website\/wp-json\/wp\/v2\/pages\/3380"}],"collection":[{"href":"https:\/\/www.7jj.com.br\/website\/wp-json\/wp\/v2\/pages"}],"about":[{"href":"https:\/\/www.7jj.com.br\/website\/wp-json\/wp\/v2\/types\/page"}],"author":[{"embeddable":true,"href":"https:\/\/www.7jj.com.br\/website\/wp-json\/wp\/v2\/users\/2"}],"replies":[{"embeddable":true,"href":"https:\/\/www.7jj.com.br\/website\/wp-json\/wp\/v2\/comments?post=3380"}],"version-history":[{"count":19,"href":"https:\/\/www.7jj.com.br\/website\/wp-json\/wp\/v2\/pages\/3380\/revisions"}],"predecessor-version":[{"id":15717,"href":"https:\/\/www.7jj.com.br\/website\/wp-json\/wp\/v2\/pages\/3380\/revisions\/15717"}],"wp:attachment":[{"href":"https:\/\/www.7jj.com.br\/website\/wp-json\/wp\/v2\/media?parent=3380"}],"curies":[{"name":"wp","href":"https:\/\/api.w.org\/{rel}","templated":true}]}}